{"id":681,"date":"2023-05-13T22:35:39","date_gmt":"2023-05-13T22:35:39","guid":{"rendered":"https:\/\/solucionsolar.cl\/solar\/producto\/modulo-toma-corriente-10a-2pt-cafe-lexo\/"},"modified":"2023-05-13T22:35:39","modified_gmt":"2023-05-13T22:35:39","slug":"modulo-toma-corriente-10a-2pt-cafe-lexo","status":"publish","type":"product","link":"https:\/\/solucionsolar.cl\/solar\/producto\/modulo-toma-corriente-10a-2pt-cafe-lexo\/","title":{"rendered":"M\u00f3dulo toma corriente 10A 2P+T Caf\u00e9 LEXO"},"content":{"rendered":"<p>El M\u00f3dulo toma corriente 10A 2P+T Caf\u00e9 LEXO es un dispositivo el\u00e9ctrico dise\u00f1ado para proporcionar un enchufe seguro y confiable para la conexi\u00f3n de aparatos electr\u00f3nicos y el\u00e9ctricos. Cuenta con una capacidad nominal de corriente de 10 amperios y est\u00e1 configurado con 2 polos m\u00e1s una conexi\u00f3n a tierra (2P+T), lo que garantiza una conexi\u00f3n segura y estable.<\/p>\n","protected":false},"excerpt":{"rendered":"<p>El M\u00f3dulo toma corriente 10A 2P+T Caf\u00e9 LEXO es un dispositivo el\u00e9ctrico dise\u00f1ado para proporcionar un enchufe seguro y confiable para la conexi\u00f3n de aparatos electr\u00f3nicos y el\u00e9ctricos. Cuenta con una capacidad nominal de corriente de 10 amperios y est\u00e1 configurado con 2 polos m\u00e1s una conexi\u00f3n a tierra (2P+T), lo que garantiza una conexi\u00f3n segura y estable.<\/p>\n","protected":false},"featured_media":680,"comment_status":"open","ping_status":"closed","template":"","meta":{"_joinchat":[]},"product_brand":[],"product_cat":[16],"product_tag":[],"class_list":{"0":"post-681","1":"product","2":"type-product","3":"status-publish","4":"has-post-thumbnail","6":"product_cat-electricidad","8":"first","9":"instock","10":"shipping-taxable","11":"purchasable","12":"product-type-simple"},"ams_default_variation_id":0,"ams_product_points_reward":[],"ams_product_discount_percentage":0,"ams_price_to_display":900,"ams_acf":[],"jetpack_sharing_enabled":true,"_links":{"self":[{"href":"https:\/\/solucionsolar.cl\/solar\/wp-json\/wp\/v2\/product\/681","targetHints":{"allow":["GET"]}}],"collection":[{"href":"https:\/\/solucionsolar.cl\/solar\/wp-json\/wp\/v2\/product"}],"about":[{"href":"https:\/\/solucionsolar.cl\/solar\/wp-json\/wp\/v2\/types\/product"}],"replies":[{"embeddable":true,"href":"https:\/\/solucionsolar.cl\/solar\/wp-json\/wp\/v2\/comments?post=681"}],"wp:featuredmedia":[{"embeddable":true,"href":"https:\/\/solucionsolar.cl\/solar\/wp-json\/wp\/v2\/media\/680"}],"wp:attachment":[{"href":"https:\/\/solucionsolar.cl\/solar\/wp-json\/wp\/v2\/media?parent=681"}],"wp:term":[{"taxonomy":"product_brand","embeddable":true,"href":"https:\/\/solucionsolar.cl\/solar\/wp-json\/wp\/v2\/product_brand?post=681"},{"taxonomy":"product_cat","embeddable":true,"href":"https:\/\/solucionsolar.cl\/solar\/wp-json\/wp\/v2\/product_cat?post=681"},{"taxonomy":"product_tag","embeddable":true,"href":"https:\/\/solucionsolar.cl\/solar\/wp-json\/wp\/v2\/product_tag?post=681"}],"curies":[{"name":"wp","href":"https:\/\/api.w.org\/{rel}","templated":true}]}}