{"id":683,"date":"2023-05-13T22:35:44","date_gmt":"2023-05-13T22:35:44","guid":{"rendered":"https:\/\/solucionsolar.cl\/solar\/producto\/automatico-2x25a-10ka-c-ls-electric\/"},"modified":"2023-05-13T22:35:44","modified_gmt":"2023-05-13T22:35:44","slug":"automatico-2x25a-10ka-c-ls-electric","status":"publish","type":"product","link":"https:\/\/solucionsolar.cl\/solar\/producto\/automatico-2x25a-10ka-c-ls-electric\/","title":{"rendered":"Autom\u00e1tico 2x25A 10KA C LS ELECTRIC"},"content":{"rendered":"<p>\u00abAutom\u00e1tico 2x25A 10KA C LS ELECTRIC\u00bb se refiere a un interruptor autom\u00e1tico de corriente con capacidad de 25 amperios por polo, con una capacidad de interrupci\u00f3n de cortocircuito de 10 kA y una curva de disparo C. Esto significa que est\u00e1 dise\u00f1ado para proteger circuitos el\u00e9ctricos contra sobrecargas y cortocircuitos, y se disparar\u00e1 cuando se detecten corrientes superiores a su capacidad nominal.<\/p>\n","protected":false},"excerpt":{"rendered":"<p>\u00abAutom\u00e1tico 2x25A 10KA C LS ELECTRIC\u00bb se refiere a un interruptor autom\u00e1tico de corriente con capacidad de 25 amperios por polo, con una capacidad de interrupci\u00f3n de cortocircuito de 10 kA y una curva de disparo C. Esto significa que est\u00e1 dise\u00f1ado para proteger circuitos el\u00e9ctricos contra sobrecargas y cortocircuitos, y se disparar\u00e1 cuando se detecten corrientes superiores a su [&hellip;]<\/p>\n","protected":false},"featured_media":682,"comment_status":"open","ping_status":"closed","template":"","meta":{"_joinchat":[]},"product_brand":[],"product_cat":[39,16],"product_tag":[],"class_list":{"0":"post-683","1":"product","2":"type-product","3":"status-publish","4":"has-post-thumbnail","6":"product_cat-automaticos","7":"product_cat-electricidad","9":"first","10":"instock","11":"shipping-taxable","12":"purchasable","13":"product-type-simple"},"ams_default_variation_id":0,"ams_product_points_reward":[],"ams_product_discount_percentage":0,"ams_price_to_display":11500,"ams_acf":[],"jetpack_sharing_enabled":true,"_links":{"self":[{"href":"https:\/\/solucionsolar.cl\/solar\/wp-json\/wp\/v2\/product\/683","targetHints":{"allow":["GET"]}}],"collection":[{"href":"https:\/\/solucionsolar.cl\/solar\/wp-json\/wp\/v2\/product"}],"about":[{"href":"https:\/\/solucionsolar.cl\/solar\/wp-json\/wp\/v2\/types\/product"}],"replies":[{"embeddable":true,"href":"https:\/\/solucionsolar.cl\/solar\/wp-json\/wp\/v2\/comments?post=683"}],"wp:featuredmedia":[{"embeddable":true,"href":"https:\/\/solucionsolar.cl\/solar\/wp-json\/wp\/v2\/media\/682"}],"wp:attachment":[{"href":"https:\/\/solucionsolar.cl\/solar\/wp-json\/wp\/v2\/media?parent=683"}],"wp:term":[{"taxonomy":"product_brand","embeddable":true,"href":"https:\/\/solucionsolar.cl\/solar\/wp-json\/wp\/v2\/product_brand?post=683"},{"taxonomy":"product_cat","embeddable":true,"href":"https:\/\/solucionsolar.cl\/solar\/wp-json\/wp\/v2\/product_cat?post=683"},{"taxonomy":"product_tag","embeddable":true,"href":"https:\/\/solucionsolar.cl\/solar\/wp-json\/wp\/v2\/product_tag?post=683"}],"curies":[{"name":"wp","href":"https:\/\/api.w.org\/{rel}","templated":true}]}}