{"id":685,"date":"2023-05-13T22:35:47","date_gmt":"2023-05-13T22:35:47","guid":{"rendered":"https:\/\/solucionsolar.cl\/solar\/producto\/enchufe-hembra-volante-industrial-16a-3pnt-380v-lexo\/"},"modified":"2023-05-13T22:35:47","modified_gmt":"2023-05-13T22:35:47","slug":"enchufe-hembra-volante-industrial-16a-3pnt-380v-lexo","status":"publish","type":"product","link":"https:\/\/solucionsolar.cl\/solar\/producto\/enchufe-hembra-volante-industrial-16a-3pnt-380v-lexo\/","title":{"rendered":"Enchufe hembra volante industrial 16A 3P+N+T 380V LEXO"},"content":{"rendered":"<p>Construidos en pl\u00e1sticos de alto impacto. Contactos de cobre niquelados. \u00edndice de protecci\u00f3n IP44 y temperatura de utilizaci\u00f3n -50\u00b0 a 80\u00b0.<\/p>\n","protected":false},"excerpt":{"rendered":"<p>Construidos en pl\u00e1sticos de alto impacto. Contactos de cobre niquelados. \u00edndice de protecci\u00f3n IP44 y temperatura de utilizaci\u00f3n -50\u00b0 a 80\u00b0.<\/p>\n","protected":false},"featured_media":684,"comment_status":"open","ping_status":"closed","template":"","meta":{"_joinchat":[]},"product_brand":[],"product_cat":[16],"product_tag":[],"class_list":{"0":"post-685","1":"product","2":"type-product","3":"status-publish","4":"has-post-thumbnail","6":"product_cat-electricidad","8":"first","9":"instock","10":"shipping-taxable","11":"purchasable","12":"product-type-simple"},"ams_default_variation_id":0,"ams_product_points_reward":[],"ams_product_discount_percentage":0,"ams_price_to_display":3000,"ams_acf":[],"jetpack_sharing_enabled":true,"_links":{"self":[{"href":"https:\/\/solucionsolar.cl\/solar\/wp-json\/wp\/v2\/product\/685","targetHints":{"allow":["GET"]}}],"collection":[{"href":"https:\/\/solucionsolar.cl\/solar\/wp-json\/wp\/v2\/product"}],"about":[{"href":"https:\/\/solucionsolar.cl\/solar\/wp-json\/wp\/v2\/types\/product"}],"replies":[{"embeddable":true,"href":"https:\/\/solucionsolar.cl\/solar\/wp-json\/wp\/v2\/comments?post=685"}],"wp:featuredmedia":[{"embeddable":true,"href":"https:\/\/solucionsolar.cl\/solar\/wp-json\/wp\/v2\/media\/684"}],"wp:attachment":[{"href":"https:\/\/solucionsolar.cl\/solar\/wp-json\/wp\/v2\/media?parent=685"}],"wp:term":[{"taxonomy":"product_brand","embeddable":true,"href":"https:\/\/solucionsolar.cl\/solar\/wp-json\/wp\/v2\/product_brand?post=685"},{"taxonomy":"product_cat","embeddable":true,"href":"https:\/\/solucionsolar.cl\/solar\/wp-json\/wp\/v2\/product_cat?post=685"},{"taxonomy":"product_tag","embeddable":true,"href":"https:\/\/solucionsolar.cl\/solar\/wp-json\/wp\/v2\/product_tag?post=685"}],"curies":[{"name":"wp","href":"https:\/\/api.w.org\/{rel}","templated":true}]}}