{"id":693,"date":"2023-05-13T22:36:03","date_gmt":"2023-05-13T22:36:03","guid":{"rendered":"https:\/\/solucionsolar.cl\/solar\/producto\/conector-clip-derivacion-amarillo-10-12-awg-lexo\/"},"modified":"2023-05-13T22:36:03","modified_gmt":"2023-05-13T22:36:03","slug":"conector-clip-derivacion-amarillo-10-12-awg-lexo","status":"publish","type":"product","link":"https:\/\/solucionsolar.cl\/solar\/producto\/conector-clip-derivacion-amarillo-10-12-awg-lexo\/","title":{"rendered":"Conector clip derivaci\u00f3n Amarillo 10-12 AWG LEXO"},"content":{"rendered":"<p>El conector clip de derivaci\u00f3n amarillo LEXO es un dispositivo de conexi\u00f3n el\u00e9ctrica dise\u00f1ado para unir dos cables de calibre 10-12 AWG de manera segura y confiable. El conector cuenta con un mecanismo de enganche que permite conectar los cables sin necesidad de herramientas especiales, y su carcasa de pl\u00e1stico resistente protege los cables de la exposici\u00f3n al medio ambiente.<\/p>\n","protected":false},"excerpt":{"rendered":"<p>El conector clip de derivaci\u00f3n amarillo LEXO es un dispositivo de conexi\u00f3n el\u00e9ctrica dise\u00f1ado para unir dos cables de calibre 10-12 AWG de manera segura y confiable. El conector cuenta con un mecanismo de enganche que permite conectar los cables sin necesidad de herramientas especiales, y su carcasa de pl\u00e1stico resistente protege los cables de la exposici\u00f3n al medio ambiente.<\/p>\n","protected":false},"featured_media":692,"comment_status":"open","ping_status":"closed","template":"","meta":{"_joinchat":[]},"product_brand":[],"product_cat":[16],"product_tag":[],"class_list":{"0":"post-693","1":"product","2":"type-product","3":"status-publish","4":"has-post-thumbnail","6":"product_cat-electricidad","8":"first","9":"instock","10":"shipping-taxable","11":"purchasable","12":"product-type-simple"},"ams_default_variation_id":0,"ams_product_points_reward":[],"ams_product_discount_percentage":0,"ams_price_to_display":250,"ams_acf":[],"jetpack_sharing_enabled":true,"_links":{"self":[{"href":"https:\/\/solucionsolar.cl\/solar\/wp-json\/wp\/v2\/product\/693","targetHints":{"allow":["GET"]}}],"collection":[{"href":"https:\/\/solucionsolar.cl\/solar\/wp-json\/wp\/v2\/product"}],"about":[{"href":"https:\/\/solucionsolar.cl\/solar\/wp-json\/wp\/v2\/types\/product"}],"replies":[{"embeddable":true,"href":"https:\/\/solucionsolar.cl\/solar\/wp-json\/wp\/v2\/comments?post=693"}],"wp:featuredmedia":[{"embeddable":true,"href":"https:\/\/solucionsolar.cl\/solar\/wp-json\/wp\/v2\/media\/692"}],"wp:attachment":[{"href":"https:\/\/solucionsolar.cl\/solar\/wp-json\/wp\/v2\/media?parent=693"}],"wp:term":[{"taxonomy":"product_brand","embeddable":true,"href":"https:\/\/solucionsolar.cl\/solar\/wp-json\/wp\/v2\/product_brand?post=693"},{"taxonomy":"product_cat","embeddable":true,"href":"https:\/\/solucionsolar.cl\/solar\/wp-json\/wp\/v2\/product_cat?post=693"},{"taxonomy":"product_tag","embeddable":true,"href":"https:\/\/solucionsolar.cl\/solar\/wp-json\/wp\/v2\/product_tag?post=693"}],"curies":[{"name":"wp","href":"https:\/\/api.w.org\/{rel}","templated":true}]}}