{"id":703,"date":"2023-05-13T22:36:20","date_gmt":"2023-05-13T22:36:20","guid":{"rendered":"https:\/\/solucionsolar.cl\/solar\/producto\/interruptor-simple-9-12-10a-titanio-cafe-lexo-nuevo\/"},"modified":"2023-05-13T22:36:20","modified_gmt":"2023-05-13T22:36:20","slug":"interruptor-simple-9-12-10a-titanio-cafe-lexo-nuevo","status":"publish","type":"product","link":"https:\/\/solucionsolar.cl\/solar\/producto\/interruptor-simple-9-12-10a-titanio-cafe-lexo-nuevo\/","title":{"rendered":"Interruptor Simple 9\/12 10A Titanio\/caf\u00e9 LEXO NUEVO"},"content":{"rendered":"<p>El Interruptor Simple 9\/12 10A Titanio\/caf\u00e9 LEXO NUEVO es un dispositivo de control el\u00e9ctrico dise\u00f1ado para interrumpir o permitir el flujo de corriente en un circuito el\u00e9ctrico dom\u00e9stico o industrial. Tiene capacidad de soportar corrientes el\u00e9ctricas de hasta 10 amperios y se presenta en un tama\u00f1o de 9\/12, lo que significa que tiene 9mm de ancho y 12mm de altura.<\/p>\n","protected":false},"excerpt":{"rendered":"<p>El Interruptor Simple 9\/12 10A Titanio\/caf\u00e9 LEXO NUEVO es un dispositivo de control el\u00e9ctrico dise\u00f1ado para interrumpir o permitir el flujo de corriente en un circuito el\u00e9ctrico dom\u00e9stico o industrial. Tiene capacidad de soportar corrientes el\u00e9ctricas de hasta 10 amperios y se presenta en un tama\u00f1o de 9\/12, lo que significa que tiene 9mm de ancho y 12mm de altura.<\/p>\n","protected":false},"featured_media":702,"comment_status":"open","ping_status":"closed","template":"","meta":{"_joinchat":[]},"product_brand":[],"product_cat":[16],"product_tag":[],"class_list":{"0":"post-703","1":"product","2":"type-product","3":"status-publish","4":"has-post-thumbnail","6":"product_cat-electricidad","8":"first","9":"instock","10":"shipping-taxable","11":"purchasable","12":"product-type-simple"},"ams_default_variation_id":0,"ams_product_points_reward":[],"ams_product_discount_percentage":0,"ams_price_to_display":1800,"ams_acf":[],"jetpack_sharing_enabled":true,"_links":{"self":[{"href":"https:\/\/solucionsolar.cl\/solar\/wp-json\/wp\/v2\/product\/703","targetHints":{"allow":["GET"]}}],"collection":[{"href":"https:\/\/solucionsolar.cl\/solar\/wp-json\/wp\/v2\/product"}],"about":[{"href":"https:\/\/solucionsolar.cl\/solar\/wp-json\/wp\/v2\/types\/product"}],"replies":[{"embeddable":true,"href":"https:\/\/solucionsolar.cl\/solar\/wp-json\/wp\/v2\/comments?post=703"}],"wp:featuredmedia":[{"embeddable":true,"href":"https:\/\/solucionsolar.cl\/solar\/wp-json\/wp\/v2\/media\/702"}],"wp:attachment":[{"href":"https:\/\/solucionsolar.cl\/solar\/wp-json\/wp\/v2\/media?parent=703"}],"wp:term":[{"taxonomy":"product_brand","embeddable":true,"href":"https:\/\/solucionsolar.cl\/solar\/wp-json\/wp\/v2\/product_brand?post=703"},{"taxonomy":"product_cat","embeddable":true,"href":"https:\/\/solucionsolar.cl\/solar\/wp-json\/wp\/v2\/product_cat?post=703"},{"taxonomy":"product_tag","embeddable":true,"href":"https:\/\/solucionsolar.cl\/solar\/wp-json\/wp\/v2\/product_tag?post=703"}],"curies":[{"name":"wp","href":"https:\/\/api.w.org\/{rel}","templated":true}]}}