{"id":711,"date":"2023-05-13T22:36:27","date_gmt":"2023-05-13T22:36:27","guid":{"rendered":"https:\/\/solucionsolar.cl\/solar\/producto\/toma-corriente-triplex-10a-lexo-nuevo\/"},"modified":"2023-05-13T22:36:27","modified_gmt":"2023-05-13T22:36:27","slug":"toma-corriente-triplex-10a-lexo-nuevo","status":"publish","type":"product","link":"https:\/\/solucionsolar.cl\/solar\/producto\/toma-corriente-triplex-10a-lexo-nuevo\/","title":{"rendered":"Toma corriente Triplex 10A LEXO NUEVO"},"content":{"rendered":"<p>El tomacorriente Triplex 10A LEXO NUEVO es un dispositivo de conexi\u00f3n el\u00e9ctrica dise\u00f1ado para proporcionar tres salidas el\u00e9ctricas de corriente alterna de 10 amperios cada una. Este tomacorriente tiene un dise\u00f1o moderno y compacto, y es compatible con la normativa el\u00e9ctrica actual.<\/p>\n","protected":false},"excerpt":{"rendered":"<p>El tomacorriente Triplex 10A LEXO NUEVO es un dispositivo de conexi\u00f3n el\u00e9ctrica dise\u00f1ado para proporcionar tres salidas el\u00e9ctricas de corriente alterna de 10 amperios cada una. Este tomacorriente tiene un dise\u00f1o moderno y compacto, y es compatible con la normativa el\u00e9ctrica actual.<\/p>\n","protected":false},"featured_media":710,"comment_status":"open","ping_status":"closed","template":"","meta":{"_joinchat":[]},"product_brand":[],"product_cat":[16],"product_tag":[],"class_list":{"0":"post-711","1":"product","2":"type-product","3":"status-publish","4":"has-post-thumbnail","6":"product_cat-electricidad","8":"first","9":"instock","10":"shipping-taxable","11":"purchasable","12":"product-type-simple"},"ams_default_variation_id":0,"ams_product_points_reward":[],"ams_product_discount_percentage":0,"ams_price_to_display":3800,"ams_acf":[],"jetpack_sharing_enabled":true,"_links":{"self":[{"href":"https:\/\/solucionsolar.cl\/solar\/wp-json\/wp\/v2\/product\/711","targetHints":{"allow":["GET"]}}],"collection":[{"href":"https:\/\/solucionsolar.cl\/solar\/wp-json\/wp\/v2\/product"}],"about":[{"href":"https:\/\/solucionsolar.cl\/solar\/wp-json\/wp\/v2\/types\/product"}],"replies":[{"embeddable":true,"href":"https:\/\/solucionsolar.cl\/solar\/wp-json\/wp\/v2\/comments?post=711"}],"wp:featuredmedia":[{"embeddable":true,"href":"https:\/\/solucionsolar.cl\/solar\/wp-json\/wp\/v2\/media\/710"}],"wp:attachment":[{"href":"https:\/\/solucionsolar.cl\/solar\/wp-json\/wp\/v2\/media?parent=711"}],"wp:term":[{"taxonomy":"product_brand","embeddable":true,"href":"https:\/\/solucionsolar.cl\/solar\/wp-json\/wp\/v2\/product_brand?post=711"},{"taxonomy":"product_cat","embeddable":true,"href":"https:\/\/solucionsolar.cl\/solar\/wp-json\/wp\/v2\/product_cat?post=711"},{"taxonomy":"product_tag","embeddable":true,"href":"https:\/\/solucionsolar.cl\/solar\/wp-json\/wp\/v2\/product_tag?post=711"}],"curies":[{"name":"wp","href":"https:\/\/api.w.org\/{rel}","templated":true}]}}