{"id":715,"date":"2023-05-13T22:36:32","date_gmt":"2023-05-13T22:36:32","guid":{"rendered":"https:\/\/solucionsolar.cl\/solar\/producto\/int-diferencial-2x40a-30ma-lexo\/"},"modified":"2023-05-13T22:36:32","modified_gmt":"2023-05-13T22:36:32","slug":"int-diferencial-2x40a-30ma-lexo","status":"publish","type":"product","link":"https:\/\/solucionsolar.cl\/solar\/producto\/int-diferencial-2x40a-30ma-lexo\/","title":{"rendered":"Int Diferencial 2x40A 30MA LEXO"},"content":{"rendered":"<p>El Interruptor Diferencial 2x40A 30MA LEXO es un dispositivo el\u00e9ctrico que se utiliza para la protecci\u00f3n contra fugas de corriente en instalaciones el\u00e9ctricas. Tiene una capacidad de corriente nominal de 40 amperios y una sensibilidad de 30 miliamperios. Su dise\u00f1o de dos polos permite la protecci\u00f3n simult\u00e1nea de dos circuitos el\u00e9ctricos.<\/p>\n","protected":false},"excerpt":{"rendered":"<p>El Interruptor Diferencial 2x40A 30MA LEXO es un dispositivo el\u00e9ctrico que se utiliza para la protecci\u00f3n contra fugas de corriente en instalaciones el\u00e9ctricas. Tiene una capacidad de corriente nominal de 40 amperios y una sensibilidad de 30 miliamperios. Su dise\u00f1o de dos polos permite la protecci\u00f3n simult\u00e1nea de dos circuitos el\u00e9ctricos.<\/p>\n","protected":false},"featured_media":714,"comment_status":"open","ping_status":"closed","template":"","meta":{"_joinchat":[]},"product_brand":[],"product_cat":[16],"product_tag":[],"class_list":{"0":"post-715","1":"product","2":"type-product","3":"status-publish","4":"has-post-thumbnail","6":"product_cat-electricidad","8":"first","9":"instock","10":"shipping-taxable","11":"purchasable","12":"product-type-simple"},"ams_default_variation_id":0,"ams_product_points_reward":[],"ams_product_discount_percentage":0,"ams_price_to_display":11500,"ams_acf":[],"jetpack_sharing_enabled":true,"_links":{"self":[{"href":"https:\/\/solucionsolar.cl\/solar\/wp-json\/wp\/v2\/product\/715","targetHints":{"allow":["GET"]}}],"collection":[{"href":"https:\/\/solucionsolar.cl\/solar\/wp-json\/wp\/v2\/product"}],"about":[{"href":"https:\/\/solucionsolar.cl\/solar\/wp-json\/wp\/v2\/types\/product"}],"replies":[{"embeddable":true,"href":"https:\/\/solucionsolar.cl\/solar\/wp-json\/wp\/v2\/comments?post=715"}],"wp:featuredmedia":[{"embeddable":true,"href":"https:\/\/solucionsolar.cl\/solar\/wp-json\/wp\/v2\/media\/714"}],"wp:attachment":[{"href":"https:\/\/solucionsolar.cl\/solar\/wp-json\/wp\/v2\/media?parent=715"}],"wp:term":[{"taxonomy":"product_brand","embeddable":true,"href":"https:\/\/solucionsolar.cl\/solar\/wp-json\/wp\/v2\/product_brand?post=715"},{"taxonomy":"product_cat","embeddable":true,"href":"https:\/\/solucionsolar.cl\/solar\/wp-json\/wp\/v2\/product_cat?post=715"},{"taxonomy":"product_tag","embeddable":true,"href":"https:\/\/solucionsolar.cl\/solar\/wp-json\/wp\/v2\/product_tag?post=715"}],"curies":[{"name":"wp","href":"https:\/\/api.w.org\/{rel}","templated":true}]}}