{"id":727,"date":"2023-05-13T22:36:47","date_gmt":"2023-05-13T22:36:47","guid":{"rendered":"https:\/\/solucionsolar.cl\/solar\/producto\/modulo-toma-usb-5v-c-c-1100ma-cafe-lexo\/"},"modified":"2023-05-13T22:36:47","modified_gmt":"2023-05-13T22:36:47","slug":"modulo-toma-usb-5v-c-c-1100ma-cafe-lexo","status":"publish","type":"product","link":"https:\/\/solucionsolar.cl\/solar\/producto\/modulo-toma-usb-5v-c-c-1100ma-cafe-lexo\/","title":{"rendered":"M\u00f3dulo Toma USB 5V C.C. 1100MA Caf\u00e9 LEXO"},"content":{"rendered":"<p>El \u00abM\u00f3dulo Toma USB 5V C.C. 1100MA Caf\u00e9 LEXO\u00bb es un dispositivo que se instala en paredes o superficies planas y proporciona dos puertos USB de 5 voltios y corriente continua de 1100 miliamperios. Su dise\u00f1o es de color caf\u00e9 y est\u00e1 fabricado por la marca \u00abLEXO\u00bb. Este m\u00f3dulo permite la carga r\u00e1pida de dispositivos m\u00f3viles y otros dispositivos que se conectan a trav\u00e9s de USB.<\/p>\n","protected":false},"excerpt":{"rendered":"<p>El \u00abM\u00f3dulo Toma USB 5V C.C. 1100MA Caf\u00e9 LEXO\u00bb es un dispositivo que se instala en paredes o superficies planas y proporciona dos puertos USB de 5 voltios y corriente continua de 1100 miliamperios. Su dise\u00f1o es de color caf\u00e9 y est\u00e1 fabricado por la marca \u00abLEXO\u00bb. Este m\u00f3dulo permite la carga r\u00e1pida de dispositivos m\u00f3viles y otros dispositivos que [&hellip;]<\/p>\n","protected":false},"featured_media":726,"comment_status":"open","ping_status":"closed","template":"","meta":{"_joinchat":[]},"product_brand":[],"product_cat":[16],"product_tag":[],"class_list":{"0":"post-727","1":"product","2":"type-product","3":"status-publish","4":"has-post-thumbnail","6":"product_cat-electricidad","8":"first","9":"instock","10":"shipping-taxable","11":"purchasable","12":"product-type-simple"},"ams_default_variation_id":0,"ams_product_points_reward":[],"ams_product_discount_percentage":0,"ams_price_to_display":6900,"ams_acf":[],"jetpack_sharing_enabled":true,"_links":{"self":[{"href":"https:\/\/solucionsolar.cl\/solar\/wp-json\/wp\/v2\/product\/727","targetHints":{"allow":["GET"]}}],"collection":[{"href":"https:\/\/solucionsolar.cl\/solar\/wp-json\/wp\/v2\/product"}],"about":[{"href":"https:\/\/solucionsolar.cl\/solar\/wp-json\/wp\/v2\/types\/product"}],"replies":[{"embeddable":true,"href":"https:\/\/solucionsolar.cl\/solar\/wp-json\/wp\/v2\/comments?post=727"}],"wp:featuredmedia":[{"embeddable":true,"href":"https:\/\/solucionsolar.cl\/solar\/wp-json\/wp\/v2\/media\/726"}],"wp:attachment":[{"href":"https:\/\/solucionsolar.cl\/solar\/wp-json\/wp\/v2\/media?parent=727"}],"wp:term":[{"taxonomy":"product_brand","embeddable":true,"href":"https:\/\/solucionsolar.cl\/solar\/wp-json\/wp\/v2\/product_brand?post=727"},{"taxonomy":"product_cat","embeddable":true,"href":"https:\/\/solucionsolar.cl\/solar\/wp-json\/wp\/v2\/product_cat?post=727"},{"taxonomy":"product_tag","embeddable":true,"href":"https:\/\/solucionsolar.cl\/solar\/wp-json\/wp\/v2\/product_tag?post=727"}],"curies":[{"name":"wp","href":"https:\/\/api.w.org\/{rel}","templated":true}]}}