{"id":731,"date":"2023-05-13T22:36:57","date_gmt":"2023-05-13T22:36:57","guid":{"rendered":"https:\/\/solucionsolar.cl\/solar\/producto\/enchufe-hembra-sobrepuesta-16a-2pt-220v-ip44-lexo\/"},"modified":"2023-05-13T22:36:57","modified_gmt":"2023-05-13T22:36:57","slug":"enchufe-hembra-sobrepuesta-16a-2pt-220v-ip44-lexo","status":"publish","type":"product","link":"https:\/\/solucionsolar.cl\/solar\/producto\/enchufe-hembra-sobrepuesta-16a-2pt-220v-ip44-lexo\/","title":{"rendered":"Enchufe hembra sobrepuesta 16A 2P+T 220V IP44 LEXO"},"content":{"rendered":"<p>El \u00abEnchufe hembra sobrepuesta 16A 2P+T 220V IP44 LEXO\u00bb es un conector el\u00e9ctrico dise\u00f1ado para instalarse en superficie. Tiene dos polos m\u00e1s tierra, una capacidad de carga de 16 amperios y una tensi\u00f3n nominal de 220 voltios. Adem\u00e1s, cuenta con un grado de protecci\u00f3n IP44, lo que significa que es resistente al agua y al polvo. Este enchufe hembra es producido por la marca \u00abLEXO\u00bb y se utiliza com\u00fanmente en aplicaciones residenciales, comerciales e industriales donde se requiere un enchufe fijo y seguro.<\/p>\n","protected":false},"excerpt":{"rendered":"<p>El \u00abEnchufe hembra sobrepuesta 16A 2P+T 220V IP44 LEXO\u00bb es un conector el\u00e9ctrico dise\u00f1ado para instalarse en superficie. Tiene dos polos m\u00e1s tierra, una capacidad de carga de 16 amperios y una tensi\u00f3n nominal de 220 voltios. Adem\u00e1s, cuenta con un grado de protecci\u00f3n IP44, lo que significa que es resistente al agua y al polvo. Este enchufe hembra es [&hellip;]<\/p>\n","protected":false},"featured_media":730,"comment_status":"open","ping_status":"closed","template":"","meta":{"_joinchat":[]},"product_brand":[],"product_cat":[16],"product_tag":[],"class_list":{"0":"post-731","1":"product","2":"type-product","3":"status-publish","4":"has-post-thumbnail","6":"product_cat-electricidad","8":"first","9":"instock","10":"shipping-taxable","11":"purchasable","12":"product-type-simple"},"ams_default_variation_id":0,"ams_product_points_reward":[],"ams_product_discount_percentage":0,"ams_price_to_display":2500,"ams_acf":[],"jetpack_sharing_enabled":true,"_links":{"self":[{"href":"https:\/\/solucionsolar.cl\/solar\/wp-json\/wp\/v2\/product\/731","targetHints":{"allow":["GET"]}}],"collection":[{"href":"https:\/\/solucionsolar.cl\/solar\/wp-json\/wp\/v2\/product"}],"about":[{"href":"https:\/\/solucionsolar.cl\/solar\/wp-json\/wp\/v2\/types\/product"}],"replies":[{"embeddable":true,"href":"https:\/\/solucionsolar.cl\/solar\/wp-json\/wp\/v2\/comments?post=731"}],"wp:featuredmedia":[{"embeddable":true,"href":"https:\/\/solucionsolar.cl\/solar\/wp-json\/wp\/v2\/media\/730"}],"wp:attachment":[{"href":"https:\/\/solucionsolar.cl\/solar\/wp-json\/wp\/v2\/media?parent=731"}],"wp:term":[{"taxonomy":"product_brand","embeddable":true,"href":"https:\/\/solucionsolar.cl\/solar\/wp-json\/wp\/v2\/product_brand?post=731"},{"taxonomy":"product_cat","embeddable":true,"href":"https:\/\/solucionsolar.cl\/solar\/wp-json\/wp\/v2\/product_cat?post=731"},{"taxonomy":"product_tag","embeddable":true,"href":"https:\/\/solucionsolar.cl\/solar\/wp-json\/wp\/v2\/product_tag?post=731"}],"curies":[{"name":"wp","href":"https:\/\/api.w.org\/{rel}","templated":true}]}}