{"id":735,"date":"2023-05-13T22:37:02","date_gmt":"2023-05-13T22:37:02","guid":{"rendered":"https:\/\/solucionsolar.cl\/solar\/producto\/automatico-3x10a-6k-c-lexo\/"},"modified":"2023-05-13T22:37:02","modified_gmt":"2023-05-13T22:37:02","slug":"automatico-3x10a-6k-c-lexo","status":"publish","type":"product","link":"https:\/\/solucionsolar.cl\/solar\/producto\/automatico-3x10a-6k-c-lexo\/","title":{"rendered":"Autom\u00e1tico 3x10A 6K C LEXO"},"content":{"rendered":"<p>\u00abAutom\u00e1tico 3x10A 6K C LEXO\u00bb es un interruptor autom\u00e1tico trif\u00e1sico que tiene una capacidad de carga de 10 amperios y una capacidad de interrupci\u00f3n de 6 kiloamperios. La letra \u00abC\u00bb indica que tiene una curva de disparo caracter\u00edstica que se utiliza para proteger circuitos con cargas inductivas. \u00abLEXO\u00bb es el nombre de la marca del fabricante.<\/p>\n","protected":false},"excerpt":{"rendered":"<p>\u00abAutom\u00e1tico 3x10A 6K C LEXO\u00bb es un interruptor autom\u00e1tico trif\u00e1sico que tiene una capacidad de carga de 10 amperios y una capacidad de interrupci\u00f3n de 6 kiloamperios. La letra \u00abC\u00bb indica que tiene una curva de disparo caracter\u00edstica que se utiliza para proteger circuitos con cargas inductivas. \u00abLEXO\u00bb es el nombre de la marca del fabricante.<\/p>\n","protected":false},"featured_media":734,"comment_status":"open","ping_status":"closed","template":"","meta":{"_joinchat":[]},"product_brand":[],"product_cat":[39,16],"product_tag":[],"class_list":{"0":"post-735","1":"product","2":"type-product","3":"status-publish","4":"has-post-thumbnail","6":"product_cat-automaticos","7":"product_cat-electricidad","9":"first","10":"instock","11":"shipping-taxable","12":"purchasable","13":"product-type-simple"},"ams_default_variation_id":0,"ams_product_points_reward":[],"ams_product_discount_percentage":0,"ams_price_to_display":7000,"ams_acf":[],"jetpack_sharing_enabled":true,"_links":{"self":[{"href":"https:\/\/solucionsolar.cl\/solar\/wp-json\/wp\/v2\/product\/735","targetHints":{"allow":["GET"]}}],"collection":[{"href":"https:\/\/solucionsolar.cl\/solar\/wp-json\/wp\/v2\/product"}],"about":[{"href":"https:\/\/solucionsolar.cl\/solar\/wp-json\/wp\/v2\/types\/product"}],"replies":[{"embeddable":true,"href":"https:\/\/solucionsolar.cl\/solar\/wp-json\/wp\/v2\/comments?post=735"}],"wp:featuredmedia":[{"embeddable":true,"href":"https:\/\/solucionsolar.cl\/solar\/wp-json\/wp\/v2\/media\/734"}],"wp:attachment":[{"href":"https:\/\/solucionsolar.cl\/solar\/wp-json\/wp\/v2\/media?parent=735"}],"wp:term":[{"taxonomy":"product_brand","embeddable":true,"href":"https:\/\/solucionsolar.cl\/solar\/wp-json\/wp\/v2\/product_brand?post=735"},{"taxonomy":"product_cat","embeddable":true,"href":"https:\/\/solucionsolar.cl\/solar\/wp-json\/wp\/v2\/product_cat?post=735"},{"taxonomy":"product_tag","embeddable":true,"href":"https:\/\/solucionsolar.cl\/solar\/wp-json\/wp\/v2\/product_tag?post=735"}],"curies":[{"name":"wp","href":"https:\/\/api.w.org\/{rel}","templated":true}]}}