{"id":739,"date":"2023-05-13T22:37:07","date_gmt":"2023-05-13T22:37:07","guid":{"rendered":"https:\/\/solucionsolar.cl\/solar\/producto\/regleta-de-conexion-bronce-aislada-para-riel-din-10-polos-colores\/"},"modified":"2023-05-13T22:37:07","modified_gmt":"2023-05-13T22:37:07","slug":"regleta-de-conexion-bronce-aislada-para-riel-din-10-polos-colores","status":"publish","type":"product","link":"https:\/\/solucionsolar.cl\/solar\/producto\/regleta-de-conexion-bronce-aislada-para-riel-din-10-polos-colores\/","title":{"rendered":"Regleta de conexi\u00f3n bronce aislada para riel DIN 10 Polos Colores"},"content":{"rendered":"<p>\u00abRegleta de conexi\u00f3n bronce aislada para riel DIN 10 Polos Colores\u00bb es un dispositivo dise\u00f1ado para conectar y distribuir cables el\u00e9ctricos en sistemas de control y automatizaci\u00f3n. Tiene 10 polos y est\u00e1 dise\u00f1ado para montarse en un riel DIN. Las regletas est\u00e1n aisladas y fabricadas en bronce para una alta conductividad el\u00e9ctrica y resistencia a la corrosi\u00f3n. Adem\u00e1s, cada polo tiene un color asignado para facilitar la identificaci\u00f3n de los cables conectados. Este tipo de regletas se utilizan com\u00fanmente en aplicaciones industriales y de automatizaci\u00f3n de procesos.<\/p>\n","protected":false},"excerpt":{"rendered":"<p>\u00abRegleta de conexi\u00f3n bronce aislada para riel DIN 10 Polos Colores\u00bb es un dispositivo dise\u00f1ado para conectar y distribuir cables el\u00e9ctricos en sistemas de control y automatizaci\u00f3n. Tiene 10 polos y est\u00e1 dise\u00f1ado para montarse en un riel DIN. Las regletas est\u00e1n aisladas y fabricadas en bronce para una alta conductividad el\u00e9ctrica y resistencia a la corrosi\u00f3n. Adem\u00e1s, cada polo [&hellip;]<\/p>\n","protected":false},"featured_media":738,"comment_status":"open","ping_status":"closed","template":"","meta":{"_joinchat":[]},"product_brand":[],"product_cat":[16],"product_tag":[],"class_list":{"0":"post-739","1":"product","2":"type-product","3":"status-publish","4":"has-post-thumbnail","6":"product_cat-electricidad","8":"first","9":"instock","10":"shipping-taxable","11":"purchasable","12":"product-type-simple"},"ams_default_variation_id":0,"ams_product_points_reward":[],"ams_product_discount_percentage":0,"ams_price_to_display":1600,"ams_acf":[],"jetpack_sharing_enabled":true,"_links":{"self":[{"href":"https:\/\/solucionsolar.cl\/solar\/wp-json\/wp\/v2\/product\/739","targetHints":{"allow":["GET"]}}],"collection":[{"href":"https:\/\/solucionsolar.cl\/solar\/wp-json\/wp\/v2\/product"}],"about":[{"href":"https:\/\/solucionsolar.cl\/solar\/wp-json\/wp\/v2\/types\/product"}],"replies":[{"embeddable":true,"href":"https:\/\/solucionsolar.cl\/solar\/wp-json\/wp\/v2\/comments?post=739"}],"wp:featuredmedia":[{"embeddable":true,"href":"https:\/\/solucionsolar.cl\/solar\/wp-json\/wp\/v2\/media\/738"}],"wp:attachment":[{"href":"https:\/\/solucionsolar.cl\/solar\/wp-json\/wp\/v2\/media?parent=739"}],"wp:term":[{"taxonomy":"product_brand","embeddable":true,"href":"https:\/\/solucionsolar.cl\/solar\/wp-json\/wp\/v2\/product_brand?post=739"},{"taxonomy":"product_cat","embeddable":true,"href":"https:\/\/solucionsolar.cl\/solar\/wp-json\/wp\/v2\/product_cat?post=739"},{"taxonomy":"product_tag","embeddable":true,"href":"https:\/\/solucionsolar.cl\/solar\/wp-json\/wp\/v2\/product_tag?post=739"}],"curies":[{"name":"wp","href":"https:\/\/api.w.org\/{rel}","templated":true}]}}