{"id":747,"date":"2023-05-13T22:37:15","date_gmt":"2023-05-13T22:37:15","guid":{"rendered":"https:\/\/solucionsolar.cl\/solar\/producto\/enchufe-hembra-sobrepuesta-32a-3pt-380v-ip44-lexo\/"},"modified":"2023-05-13T22:37:15","modified_gmt":"2023-05-13T22:37:15","slug":"enchufe-hembra-sobrepuesta-32a-3pt-380v-ip44-lexo","status":"publish","type":"product","link":"https:\/\/solucionsolar.cl\/solar\/producto\/enchufe-hembra-sobrepuesta-32a-3pt-380v-ip44-lexo\/","title":{"rendered":"Enchufe hembra sobrepuesta 32A 3P+T 380V IP44 LEXO"},"content":{"rendered":"<p>\u00abEnchufe hembra sobrepuesta 32A 3P+T 380V IP44 LEXO\u00bb es un enchufe el\u00e9ctrico trif\u00e1sico de alta corriente dise\u00f1ado para su uso en aplicaciones industriales y comerciales. Tiene una capacidad de carga m\u00e1xima de 32 amperios y se utiliza com\u00fanmente en conexiones de equipos y maquinarias con alimentaci\u00f3n trif\u00e1sica. El enchufe tiene tres polos m\u00e1s un polo de tierra (3P+T) y est\u00e1 dise\u00f1ado para montarse en una caja sobrepuesta. Adem\u00e1s, cuenta con un \u00edndice de protecci\u00f3n IP44 que lo protege contra salpicaduras de agua y polvo. \u00abLEXO\u00bb es el nombre de la marca del fabricante.<\/p>\n","protected":false},"excerpt":{"rendered":"<p>\u00abEnchufe hembra sobrepuesta 32A 3P+T 380V IP44 LEXO\u00bb es un enchufe el\u00e9ctrico trif\u00e1sico de alta corriente dise\u00f1ado para su uso en aplicaciones industriales y comerciales. Tiene una capacidad de carga m\u00e1xima de 32 amperios y se utiliza com\u00fanmente en conexiones de equipos y maquinarias con alimentaci\u00f3n trif\u00e1sica. El enchufe tiene tres polos m\u00e1s un polo de tierra (3P+T) y est\u00e1 [&hellip;]<\/p>\n","protected":false},"featured_media":746,"comment_status":"open","ping_status":"closed","template":"","meta":{"_joinchat":[]},"product_brand":[],"product_cat":[16],"product_tag":[],"class_list":{"0":"post-747","1":"product","2":"type-product","3":"status-publish","4":"has-post-thumbnail","6":"product_cat-electricidad","8":"first","9":"instock","10":"shipping-taxable","11":"purchasable","12":"product-type-simple"},"ams_default_variation_id":0,"ams_product_points_reward":[],"ams_product_discount_percentage":0,"ams_price_to_display":3500,"ams_acf":[],"jetpack_sharing_enabled":true,"_links":{"self":[{"href":"https:\/\/solucionsolar.cl\/solar\/wp-json\/wp\/v2\/product\/747","targetHints":{"allow":["GET"]}}],"collection":[{"href":"https:\/\/solucionsolar.cl\/solar\/wp-json\/wp\/v2\/product"}],"about":[{"href":"https:\/\/solucionsolar.cl\/solar\/wp-json\/wp\/v2\/types\/product"}],"replies":[{"embeddable":true,"href":"https:\/\/solucionsolar.cl\/solar\/wp-json\/wp\/v2\/comments?post=747"}],"wp:featuredmedia":[{"embeddable":true,"href":"https:\/\/solucionsolar.cl\/solar\/wp-json\/wp\/v2\/media\/746"}],"wp:attachment":[{"href":"https:\/\/solucionsolar.cl\/solar\/wp-json\/wp\/v2\/media?parent=747"}],"wp:term":[{"taxonomy":"product_brand","embeddable":true,"href":"https:\/\/solucionsolar.cl\/solar\/wp-json\/wp\/v2\/product_brand?post=747"},{"taxonomy":"product_cat","embeddable":true,"href":"https:\/\/solucionsolar.cl\/solar\/wp-json\/wp\/v2\/product_cat?post=747"},{"taxonomy":"product_tag","embeddable":true,"href":"https:\/\/solucionsolar.cl\/solar\/wp-json\/wp\/v2\/product_tag?post=747"}],"curies":[{"name":"wp","href":"https:\/\/api.w.org\/{rel}","templated":true}]}}