{"id":749,"date":"2023-05-13T22:37:16","date_gmt":"2023-05-13T22:37:16","guid":{"rendered":"https:\/\/solucionsolar.cl\/solar\/producto\/enchufe-hembra-volante-2pt-10a-blanco-lexo\/"},"modified":"2023-05-13T22:37:16","modified_gmt":"2023-05-13T22:37:16","slug":"enchufe-hembra-volante-2pt-10a-blanco-lexo","status":"publish","type":"product","link":"https:\/\/solucionsolar.cl\/solar\/producto\/enchufe-hembra-volante-2pt-10a-blanco-lexo\/","title":{"rendered":"Enchufe Hembra volante 2P+T 10A Blanco LEXO"},"content":{"rendered":"<p>\u00abEnchufe Hembra volante 2P+T 10A Blanco LEXO\u00bb es un enchufe el\u00e9ctrico de uso general dise\u00f1ado para su uso en aplicaciones dom\u00e9sticas y comerciales ligeras. Tiene una capacidad de carga m\u00e1xima de 10 amperios y es adecuado para la conexi\u00f3n de equipos el\u00e9ctricos como l\u00e1mparas, televisores, radios y otros dispositivos de baja potencia. El enchufe tiene dos polos m\u00e1s un polo de tierra (2P+T) y est\u00e1 dise\u00f1ado para ser conectado a un cable el\u00e9ctrico mediante una conexi\u00f3n de tipo tornillo. Adem\u00e1s, su color blanco le da un aspecto est\u00e9tico agradable y se adapta a diferentes tipos de decoraci\u00f3n. \u00abLEXO\u00bb es el nombre de la marca del fabricante.<\/p>\n","protected":false},"excerpt":{"rendered":"<p>\u00abEnchufe Hembra volante 2P+T 10A Blanco LEXO\u00bb es un enchufe el\u00e9ctrico de uso general dise\u00f1ado para su uso en aplicaciones dom\u00e9sticas y comerciales ligeras. Tiene una capacidad de carga m\u00e1xima de 10 amperios y es adecuado para la conexi\u00f3n de equipos el\u00e9ctricos como l\u00e1mparas, televisores, radios y otros dispositivos de baja potencia. El enchufe tiene dos polos m\u00e1s un polo [&hellip;]<\/p>\n","protected":false},"featured_media":748,"comment_status":"open","ping_status":"closed","template":"","meta":{"_joinchat":[]},"product_brand":[],"product_cat":[16],"product_tag":[],"class_list":{"0":"post-749","1":"product","2":"type-product","3":"status-publish","4":"has-post-thumbnail","6":"product_cat-electricidad","8":"first","9":"instock","10":"shipping-taxable","11":"purchasable","12":"product-type-simple"},"ams_default_variation_id":0,"ams_product_points_reward":[],"ams_product_discount_percentage":0,"ams_price_to_display":1200,"ams_acf":[],"jetpack_sharing_enabled":true,"_links":{"self":[{"href":"https:\/\/solucionsolar.cl\/solar\/wp-json\/wp\/v2\/product\/749","targetHints":{"allow":["GET"]}}],"collection":[{"href":"https:\/\/solucionsolar.cl\/solar\/wp-json\/wp\/v2\/product"}],"about":[{"href":"https:\/\/solucionsolar.cl\/solar\/wp-json\/wp\/v2\/types\/product"}],"replies":[{"embeddable":true,"href":"https:\/\/solucionsolar.cl\/solar\/wp-json\/wp\/v2\/comments?post=749"}],"wp:featuredmedia":[{"embeddable":true,"href":"https:\/\/solucionsolar.cl\/solar\/wp-json\/wp\/v2\/media\/748"}],"wp:attachment":[{"href":"https:\/\/solucionsolar.cl\/solar\/wp-json\/wp\/v2\/media?parent=749"}],"wp:term":[{"taxonomy":"product_brand","embeddable":true,"href":"https:\/\/solucionsolar.cl\/solar\/wp-json\/wp\/v2\/product_brand?post=749"},{"taxonomy":"product_cat","embeddable":true,"href":"https:\/\/solucionsolar.cl\/solar\/wp-json\/wp\/v2\/product_cat?post=749"},{"taxonomy":"product_tag","embeddable":true,"href":"https:\/\/solucionsolar.cl\/solar\/wp-json\/wp\/v2\/product_tag?post=749"}],"curies":[{"name":"wp","href":"https:\/\/api.w.org\/{rel}","templated":true}]}}