{"id":752,"date":"2023-05-13T22:37:22","date_gmt":"2023-05-13T22:37:22","guid":{"rendered":"https:\/\/solucionsolar.cl\/solar\/producto\/cable-h05vv-f-2x25mm-negro-100mt\/"},"modified":"2023-05-13T22:37:22","modified_gmt":"2023-05-13T22:37:22","slug":"cable-h05vv-f-2x25mm-negro-100mt","status":"publish","type":"product","link":"https:\/\/solucionsolar.cl\/solar\/producto\/cable-h05vv-f-2x25mm-negro-100mt\/","title":{"rendered":"Cable H05VV-F 2&#215;2,5mm Negro 100mt"},"content":{"rendered":"<p>El \u00abCable H05VV-F 2&#215;2,5mm Negro 100mt\u00bb es un cable el\u00e9ctrico flexible y de baja tensi\u00f3n. Tiene dos conductores de cobre con secci\u00f3n transversal de 2,5 mm\u00b2 cada uno, recubiertos por una capa aislante de PVC de color negro. Este tipo de cable es adecuado para la conexi\u00f3n de aparatos el\u00e9ctricos con una potencia de hasta 2.300 vatios y una tensi\u00f3n de hasta 500 voltios. La longitud del cable es de 100 metros, lo que lo hace ideal para instalaciones el\u00e9ctricas en espacios grandes o proyectos de gran envergadura.<\/p>\n","protected":false},"excerpt":{"rendered":"<p>El \u00abCable H05VV-F 2&#215;2,5mm Negro 100mt\u00bb es un cable el\u00e9ctrico flexible y de baja tensi\u00f3n. Tiene dos conductores de cobre con secci\u00f3n transversal de 2,5 mm\u00b2 cada uno, recubiertos por una capa aislante de PVC de color negro. Este tipo de cable es adecuado para la conexi\u00f3n de aparatos el\u00e9ctricos con una potencia de hasta 2.300 vatios y una tensi\u00f3n [&hellip;]<\/p>\n","protected":false},"featured_media":670,"comment_status":"open","ping_status":"closed","template":"","meta":{"_joinchat":[]},"product_brand":[],"product_cat":[18,16],"product_tag":[],"class_list":{"0":"post-752","1":"product","2":"type-product","3":"status-publish","4":"has-post-thumbnail","6":"product_cat-cables","7":"product_cat-electricidad","9":"first","10":"instock","11":"shipping-taxable","12":"purchasable","13":"product-type-simple"},"ams_default_variation_id":0,"ams_product_points_reward":[],"ams_product_discount_percentage":0,"ams_price_to_display":105000,"ams_acf":[],"jetpack_sharing_enabled":true,"_links":{"self":[{"href":"https:\/\/solucionsolar.cl\/solar\/wp-json\/wp\/v2\/product\/752","targetHints":{"allow":["GET"]}}],"collection":[{"href":"https:\/\/solucionsolar.cl\/solar\/wp-json\/wp\/v2\/product"}],"about":[{"href":"https:\/\/solucionsolar.cl\/solar\/wp-json\/wp\/v2\/types\/product"}],"replies":[{"embeddable":true,"href":"https:\/\/solucionsolar.cl\/solar\/wp-json\/wp\/v2\/comments?post=752"}],"wp:featuredmedia":[{"embeddable":true,"href":"https:\/\/solucionsolar.cl\/solar\/wp-json\/wp\/v2\/media\/670"}],"wp:attachment":[{"href":"https:\/\/solucionsolar.cl\/solar\/wp-json\/wp\/v2\/media?parent=752"}],"wp:term":[{"taxonomy":"product_brand","embeddable":true,"href":"https:\/\/solucionsolar.cl\/solar\/wp-json\/wp\/v2\/product_brand?post=752"},{"taxonomy":"product_cat","embeddable":true,"href":"https:\/\/solucionsolar.cl\/solar\/wp-json\/wp\/v2\/product_cat?post=752"},{"taxonomy":"product_tag","embeddable":true,"href":"https:\/\/solucionsolar.cl\/solar\/wp-json\/wp\/v2\/product_tag?post=752"}],"curies":[{"name":"wp","href":"https:\/\/api.w.org\/{rel}","templated":true}]}}