{"id":764,"date":"2023-05-13T22:37:38","date_gmt":"2023-05-13T22:37:38","guid":{"rendered":"https:\/\/solucionsolar.cl\/solar\/producto\/enchufe-hembra-sobrepuesta-32a-3pnt-380v-ip44-lexo\/"},"modified":"2023-05-13T22:37:38","modified_gmt":"2023-05-13T22:37:38","slug":"enchufe-hembra-sobrepuesta-32a-3pnt-380v-ip44-lexo","status":"publish","type":"product","link":"https:\/\/solucionsolar.cl\/solar\/producto\/enchufe-hembra-sobrepuesta-32a-3pnt-380v-ip44-lexo\/","title":{"rendered":"Enchufe hembra sobrepuesta 32A 3P+N+T 380V IP44 LEXO"},"content":{"rendered":"<p>El enchufe hembra sobrepuesto de 32A y 3P+N+T de LEXO es un dispositivo resistente al agua y al polvo con una clasificaci\u00f3n IP44. Est\u00e1 dise\u00f1ado para ser instalado en \u00e1reas industriales y puede manejar una potencia de hasta 380V. El enchufe cuenta con un mecanismo de bloqueo y desbloqueo para garantizar una conexi\u00f3n segura y confiable.<\/p>\n","protected":false},"excerpt":{"rendered":"<p>El enchufe hembra sobrepuesto de 32A y 3P+N+T de LEXO es un dispositivo resistente al agua y al polvo con una clasificaci\u00f3n IP44. Est\u00e1 dise\u00f1ado para ser instalado en \u00e1reas industriales y puede manejar una potencia de hasta 380V. El enchufe cuenta con un mecanismo de bloqueo y desbloqueo para garantizar una conexi\u00f3n segura y confiable.<\/p>\n","protected":false},"featured_media":763,"comment_status":"open","ping_status":"closed","template":"","meta":{"_joinchat":[]},"product_brand":[],"product_cat":[16],"product_tag":[],"class_list":{"0":"post-764","1":"product","2":"type-product","3":"status-publish","4":"has-post-thumbnail","6":"product_cat-electricidad","8":"first","9":"instock","10":"shipping-taxable","11":"purchasable","12":"product-type-simple"},"ams_default_variation_id":0,"ams_product_points_reward":[],"ams_product_discount_percentage":0,"ams_price_to_display":3500,"ams_acf":[],"jetpack_sharing_enabled":true,"_links":{"self":[{"href":"https:\/\/solucionsolar.cl\/solar\/wp-json\/wp\/v2\/product\/764","targetHints":{"allow":["GET"]}}],"collection":[{"href":"https:\/\/solucionsolar.cl\/solar\/wp-json\/wp\/v2\/product"}],"about":[{"href":"https:\/\/solucionsolar.cl\/solar\/wp-json\/wp\/v2\/types\/product"}],"replies":[{"embeddable":true,"href":"https:\/\/solucionsolar.cl\/solar\/wp-json\/wp\/v2\/comments?post=764"}],"wp:featuredmedia":[{"embeddable":true,"href":"https:\/\/solucionsolar.cl\/solar\/wp-json\/wp\/v2\/media\/763"}],"wp:attachment":[{"href":"https:\/\/solucionsolar.cl\/solar\/wp-json\/wp\/v2\/media?parent=764"}],"wp:term":[{"taxonomy":"product_brand","embeddable":true,"href":"https:\/\/solucionsolar.cl\/solar\/wp-json\/wp\/v2\/product_brand?post=764"},{"taxonomy":"product_cat","embeddable":true,"href":"https:\/\/solucionsolar.cl\/solar\/wp-json\/wp\/v2\/product_cat?post=764"},{"taxonomy":"product_tag","embeddable":true,"href":"https:\/\/solucionsolar.cl\/solar\/wp-json\/wp\/v2\/product_tag?post=764"}],"curies":[{"name":"wp","href":"https:\/\/api.w.org\/{rel}","templated":true}]}}