{"id":768,"date":"2023-05-13T22:37:41","date_gmt":"2023-05-13T22:37:41","guid":{"rendered":"https:\/\/solucionsolar.cl\/solar\/producto\/barra-tetrapolar-4-polos-125a-lexo\/"},"modified":"2023-05-13T22:37:41","modified_gmt":"2023-05-13T22:37:41","slug":"barra-tetrapolar-4-polos-125a-lexo","status":"publish","type":"product","link":"https:\/\/solucionsolar.cl\/solar\/producto\/barra-tetrapolar-4-polos-125a-lexo\/","title":{"rendered":"Barra tetrapolar 4 Polos 125A LEXO"},"content":{"rendered":"<p>La barra tetrapolar de 4 polos 125A de LEXO es un dispositivo el\u00e9ctrico que se utiliza para la conexi\u00f3n de cuatro conductores el\u00e9ctricos en un sistema el\u00e9ctrico. Esta barra es capaz de soportar una corriente de hasta 125 amperios y est\u00e1 dise\u00f1ada con materiales de alta calidad para garantizar un rendimiento \u00f3ptimo y una larga vida \u00fatil. Es ideal para su uso en aplicaciones comerciales e industriales.<\/p>\n","protected":false},"excerpt":{"rendered":"<p>La barra tetrapolar de 4 polos 125A de LEXO es un dispositivo el\u00e9ctrico que se utiliza para la conexi\u00f3n de cuatro conductores el\u00e9ctricos en un sistema el\u00e9ctrico. Esta barra es capaz de soportar una corriente de hasta 125 amperios y est\u00e1 dise\u00f1ada con materiales de alta calidad para garantizar un rendimiento \u00f3ptimo y una larga vida \u00fatil. Es ideal para [&hellip;]<\/p>\n","protected":false},"featured_media":767,"comment_status":"open","ping_status":"closed","template":"","meta":{"_joinchat":[]},"product_brand":[],"product_cat":[16],"product_tag":[],"class_list":{"0":"post-768","1":"product","2":"type-product","3":"status-publish","4":"has-post-thumbnail","6":"product_cat-electricidad","8":"first","9":"instock","10":"shipping-taxable","11":"purchasable","12":"product-type-simple"},"ams_default_variation_id":0,"ams_product_points_reward":[],"ams_product_discount_percentage":0,"ams_price_to_display":7500,"ams_acf":[],"jetpack_sharing_enabled":true,"_links":{"self":[{"href":"https:\/\/solucionsolar.cl\/solar\/wp-json\/wp\/v2\/product\/768","targetHints":{"allow":["GET"]}}],"collection":[{"href":"https:\/\/solucionsolar.cl\/solar\/wp-json\/wp\/v2\/product"}],"about":[{"href":"https:\/\/solucionsolar.cl\/solar\/wp-json\/wp\/v2\/types\/product"}],"replies":[{"embeddable":true,"href":"https:\/\/solucionsolar.cl\/solar\/wp-json\/wp\/v2\/comments?post=768"}],"wp:featuredmedia":[{"embeddable":true,"href":"https:\/\/solucionsolar.cl\/solar\/wp-json\/wp\/v2\/media\/767"}],"wp:attachment":[{"href":"https:\/\/solucionsolar.cl\/solar\/wp-json\/wp\/v2\/media?parent=768"}],"wp:term":[{"taxonomy":"product_brand","embeddable":true,"href":"https:\/\/solucionsolar.cl\/solar\/wp-json\/wp\/v2\/product_brand?post=768"},{"taxonomy":"product_cat","embeddable":true,"href":"https:\/\/solucionsolar.cl\/solar\/wp-json\/wp\/v2\/product_cat?post=768"},{"taxonomy":"product_tag","embeddable":true,"href":"https:\/\/solucionsolar.cl\/solar\/wp-json\/wp\/v2\/product_tag?post=768"}],"curies":[{"name":"wp","href":"https:\/\/api.w.org\/{rel}","templated":true}]}}