{"id":772,"date":"2023-05-13T22:37:46","date_gmt":"2023-05-13T22:37:46","guid":{"rendered":"https:\/\/solucionsolar.cl\/solar\/producto\/modulo-interruptor-9-12-10a-cafe-lexo\/"},"modified":"2023-05-13T22:37:46","modified_gmt":"2023-05-13T22:37:46","slug":"modulo-interruptor-9-12-10a-cafe-lexo","status":"publish","type":"product","link":"https:\/\/solucionsolar.cl\/solar\/producto\/modulo-interruptor-9-12-10a-cafe-lexo\/","title":{"rendered":"M\u00f3dulo interruptor 9\/12 10A Caf\u00e9 LEXO"},"content":{"rendered":"<p>El M\u00f3dulo Interruptor 9\/12 10A Caf\u00e9 LEXO es un componente el\u00e9ctrico de tama\u00f1o modular que permite el control de la energ\u00eda el\u00e9ctrica que circula por un circuito el\u00e9ctrico. Con capacidad de 10 amperios, este interruptor es de color caf\u00e9 y se instala en un marco modular para su uso en instalaciones el\u00e9ctricas.<\/p>\n","protected":false},"excerpt":{"rendered":"<p>El M\u00f3dulo Interruptor 9\/12 10A Caf\u00e9 LEXO es un componente el\u00e9ctrico de tama\u00f1o modular que permite el control de la energ\u00eda el\u00e9ctrica que circula por un circuito el\u00e9ctrico. Con capacidad de 10 amperios, este interruptor es de color caf\u00e9 y se instala en un marco modular para su uso en instalaciones el\u00e9ctricas.<\/p>\n","protected":false},"featured_media":771,"comment_status":"open","ping_status":"closed","template":"","meta":{"_joinchat":[]},"product_brand":[],"product_cat":[16],"product_tag":[],"class_list":{"0":"post-772","1":"product","2":"type-product","3":"status-publish","4":"has-post-thumbnail","6":"product_cat-electricidad","8":"first","9":"instock","10":"shipping-taxable","11":"purchasable","12":"product-type-simple"},"ams_default_variation_id":0,"ams_product_points_reward":[],"ams_product_discount_percentage":0,"ams_price_to_display":900,"ams_acf":[],"jetpack_sharing_enabled":true,"_links":{"self":[{"href":"https:\/\/solucionsolar.cl\/solar\/wp-json\/wp\/v2\/product\/772","targetHints":{"allow":["GET"]}}],"collection":[{"href":"https:\/\/solucionsolar.cl\/solar\/wp-json\/wp\/v2\/product"}],"about":[{"href":"https:\/\/solucionsolar.cl\/solar\/wp-json\/wp\/v2\/types\/product"}],"replies":[{"embeddable":true,"href":"https:\/\/solucionsolar.cl\/solar\/wp-json\/wp\/v2\/comments?post=772"}],"wp:featuredmedia":[{"embeddable":true,"href":"https:\/\/solucionsolar.cl\/solar\/wp-json\/wp\/v2\/media\/771"}],"wp:attachment":[{"href":"https:\/\/solucionsolar.cl\/solar\/wp-json\/wp\/v2\/media?parent=772"}],"wp:term":[{"taxonomy":"product_brand","embeddable":true,"href":"https:\/\/solucionsolar.cl\/solar\/wp-json\/wp\/v2\/product_brand?post=772"},{"taxonomy":"product_cat","embeddable":true,"href":"https:\/\/solucionsolar.cl\/solar\/wp-json\/wp\/v2\/product_cat?post=772"},{"taxonomy":"product_tag","embeddable":true,"href":"https:\/\/solucionsolar.cl\/solar\/wp-json\/wp\/v2\/product_tag?post=772"}],"curies":[{"name":"wp","href":"https:\/\/api.w.org\/{rel}","templated":true}]}}