{"id":776,"date":"2023-05-13T22:37:48","date_gmt":"2023-05-13T22:37:48","guid":{"rendered":"https:\/\/solucionsolar.cl\/solar\/producto\/barra-tetrapolar-7-polos-125a-lexo\/"},"modified":"2023-05-13T22:37:48","modified_gmt":"2023-05-13T22:37:48","slug":"barra-tetrapolar-7-polos-125a-lexo","status":"publish","type":"product","link":"https:\/\/solucionsolar.cl\/solar\/producto\/barra-tetrapolar-7-polos-125a-lexo\/","title":{"rendered":"Barra tetrapolar 7 Polos 125A LEXO"},"content":{"rendered":"<p>Esta barra es un accesorio el\u00e9ctrico que permite la conexi\u00f3n de 7 cables el\u00e9ctricos en un solo punto, con capacidad para corrientes de hasta 125A. Es de tipo tetrapolar, lo que significa que tiene cuatro terminales para conexiones de fase y una terminal com\u00fan para el neutro o tierra. Este modelo en particular es de la marca LEXO.<\/p>\n","protected":false},"excerpt":{"rendered":"<p>Esta barra es un accesorio el\u00e9ctrico que permite la conexi\u00f3n de 7 cables el\u00e9ctricos en un solo punto, con capacidad para corrientes de hasta 125A. Es de tipo tetrapolar, lo que significa que tiene cuatro terminales para conexiones de fase y una terminal com\u00fan para el neutro o tierra. Este modelo en particular es de la marca LEXO.<\/p>\n","protected":false},"featured_media":775,"comment_status":"open","ping_status":"closed","template":"","meta":{"_joinchat":[]},"product_brand":[],"product_cat":[16],"product_tag":[],"class_list":{"0":"post-776","1":"product","2":"type-product","3":"status-publish","4":"has-post-thumbnail","6":"product_cat-electricidad","8":"first","9":"instock","10":"shipping-taxable","11":"purchasable","12":"product-type-simple"},"ams_default_variation_id":0,"ams_product_points_reward":[],"ams_product_discount_percentage":0,"ams_price_to_display":9500,"ams_acf":[],"jetpack_sharing_enabled":true,"_links":{"self":[{"href":"https:\/\/solucionsolar.cl\/solar\/wp-json\/wp\/v2\/product\/776","targetHints":{"allow":["GET"]}}],"collection":[{"href":"https:\/\/solucionsolar.cl\/solar\/wp-json\/wp\/v2\/product"}],"about":[{"href":"https:\/\/solucionsolar.cl\/solar\/wp-json\/wp\/v2\/types\/product"}],"replies":[{"embeddable":true,"href":"https:\/\/solucionsolar.cl\/solar\/wp-json\/wp\/v2\/comments?post=776"}],"wp:featuredmedia":[{"embeddable":true,"href":"https:\/\/solucionsolar.cl\/solar\/wp-json\/wp\/v2\/media\/775"}],"wp:attachment":[{"href":"https:\/\/solucionsolar.cl\/solar\/wp-json\/wp\/v2\/media?parent=776"}],"wp:term":[{"taxonomy":"product_brand","embeddable":true,"href":"https:\/\/solucionsolar.cl\/solar\/wp-json\/wp\/v2\/product_brand?post=776"},{"taxonomy":"product_cat","embeddable":true,"href":"https:\/\/solucionsolar.cl\/solar\/wp-json\/wp\/v2\/product_cat?post=776"},{"taxonomy":"product_tag","embeddable":true,"href":"https:\/\/solucionsolar.cl\/solar\/wp-json\/wp\/v2\/product_tag?post=776"}],"curies":[{"name":"wp","href":"https:\/\/api.w.org\/{rel}","templated":true}]}}