{"id":780,"date":"2023-05-13T22:37:54","date_gmt":"2023-05-13T22:37:54","guid":{"rendered":"https:\/\/solucionsolar.cl\/solar\/producto\/terminal-hembra-media-aislada-14-16awg-azul-50un-lexo\/"},"modified":"2023-05-13T22:37:54","modified_gmt":"2023-05-13T22:37:54","slug":"terminal-hembra-media-aislada-14-16awg-azul-50un-lexo","status":"publish","type":"product","link":"https:\/\/solucionsolar.cl\/solar\/producto\/terminal-hembra-media-aislada-14-16awg-azul-50un-lexo\/","title":{"rendered":"Terminal hembra media aislada 14-16AWG Azul 50un LEXO"},"content":{"rendered":"<p>El Terminal hembra media aislada 14-16AWG Azul 50un de LEXO es un conector el\u00e9ctrico que permite conectar un cable de calibre 14-16 AWG a un punto de conexi\u00f3n el\u00e9ctrica. El terminal hembra est\u00e1 aislado para evitar cortocircuitos y garantizar la seguridad el\u00e9ctrica. Se presenta en un paquete de 50 unidades.<\/p>\n","protected":false},"excerpt":{"rendered":"<p>El Terminal hembra media aislada 14-16AWG Azul 50un de LEXO es un conector el\u00e9ctrico que permite conectar un cable de calibre 14-16 AWG a un punto de conexi\u00f3n el\u00e9ctrica. El terminal hembra est\u00e1 aislado para evitar cortocircuitos y garantizar la seguridad el\u00e9ctrica. Se presenta en un paquete de 50 unidades.<\/p>\n","protected":false},"featured_media":779,"comment_status":"open","ping_status":"closed","template":"","meta":{"_joinchat":[]},"product_brand":[],"product_cat":[16],"product_tag":[],"class_list":{"0":"post-780","1":"product","2":"type-product","3":"status-publish","4":"has-post-thumbnail","6":"product_cat-electricidad","8":"first","9":"instock","10":"shipping-taxable","11":"purchasable","12":"product-type-simple"},"ams_default_variation_id":0,"ams_product_points_reward":[],"ams_product_discount_percentage":0,"ams_price_to_display":2500,"ams_acf":[],"jetpack_sharing_enabled":true,"_links":{"self":[{"href":"https:\/\/solucionsolar.cl\/solar\/wp-json\/wp\/v2\/product\/780","targetHints":{"allow":["GET"]}}],"collection":[{"href":"https:\/\/solucionsolar.cl\/solar\/wp-json\/wp\/v2\/product"}],"about":[{"href":"https:\/\/solucionsolar.cl\/solar\/wp-json\/wp\/v2\/types\/product"}],"replies":[{"embeddable":true,"href":"https:\/\/solucionsolar.cl\/solar\/wp-json\/wp\/v2\/comments?post=780"}],"wp:featuredmedia":[{"embeddable":true,"href":"https:\/\/solucionsolar.cl\/solar\/wp-json\/wp\/v2\/media\/779"}],"wp:attachment":[{"href":"https:\/\/solucionsolar.cl\/solar\/wp-json\/wp\/v2\/media?parent=780"}],"wp:term":[{"taxonomy":"product_brand","embeddable":true,"href":"https:\/\/solucionsolar.cl\/solar\/wp-json\/wp\/v2\/product_brand?post=780"},{"taxonomy":"product_cat","embeddable":true,"href":"https:\/\/solucionsolar.cl\/solar\/wp-json\/wp\/v2\/product_cat?post=780"},{"taxonomy":"product_tag","embeddable":true,"href":"https:\/\/solucionsolar.cl\/solar\/wp-json\/wp\/v2\/product_tag?post=780"}],"curies":[{"name":"wp","href":"https:\/\/api.w.org\/{rel}","templated":true}]}}