{"id":782,"date":"2023-05-13T22:37:55","date_gmt":"2023-05-13T22:37:55","guid":{"rendered":"https:\/\/solucionsolar.cl\/solar\/producto\/cable-paralelo-spt-2x20-awg-negro-blanco-100-mt\/"},"modified":"2023-05-13T22:37:55","modified_gmt":"2023-05-13T22:37:55","slug":"cable-paralelo-spt-2x20-awg-negro-blanco-100-mt","status":"publish","type":"product","link":"https:\/\/solucionsolar.cl\/solar\/producto\/cable-paralelo-spt-2x20-awg-negro-blanco-100-mt\/","title":{"rendered":"Cable paralelo SPT 2&#215;20 AWG Negro\/Blanco 100 mt"},"content":{"rendered":"<p>El cable paralelo SPT de 2&#215;20 AWG en color negro y blanco es una opci\u00f3n popular para la conexi\u00f3n de dispositivos de baja tensi\u00f3n en aplicaciones de iluminaci\u00f3n y audio. Esta bobina de 100 metros permite la instalaci\u00f3n de m\u00faltiples conexiones el\u00e9ctricas de manera f\u00e1cil y organizada.<\/p>\n","protected":false},"excerpt":{"rendered":"<p>El cable paralelo SPT de 2&#215;20 AWG en color negro y blanco es una opci\u00f3n popular para la conexi\u00f3n de dispositivos de baja tensi\u00f3n en aplicaciones de iluminaci\u00f3n y audio. Esta bobina de 100 metros permite la instalaci\u00f3n de m\u00faltiples conexiones el\u00e9ctricas de manera f\u00e1cil y organizada.<\/p>\n","protected":false},"featured_media":781,"comment_status":"open","ping_status":"closed","template":"","meta":{"_joinchat":[]},"product_brand":[],"product_cat":[18,16],"product_tag":[],"class_list":{"0":"post-782","1":"product","2":"type-product","3":"status-publish","4":"has-post-thumbnail","6":"product_cat-cables","7":"product_cat-electricidad","9":"first","10":"instock","11":"shipping-taxable","12":"purchasable","13":"product-type-simple"},"ams_default_variation_id":0,"ams_product_points_reward":[],"ams_product_discount_percentage":0,"ams_price_to_display":25000,"ams_acf":[],"jetpack_sharing_enabled":true,"_links":{"self":[{"href":"https:\/\/solucionsolar.cl\/solar\/wp-json\/wp\/v2\/product\/782","targetHints":{"allow":["GET"]}}],"collection":[{"href":"https:\/\/solucionsolar.cl\/solar\/wp-json\/wp\/v2\/product"}],"about":[{"href":"https:\/\/solucionsolar.cl\/solar\/wp-json\/wp\/v2\/types\/product"}],"replies":[{"embeddable":true,"href":"https:\/\/solucionsolar.cl\/solar\/wp-json\/wp\/v2\/comments?post=782"}],"wp:featuredmedia":[{"embeddable":true,"href":"https:\/\/solucionsolar.cl\/solar\/wp-json\/wp\/v2\/media\/781"}],"wp:attachment":[{"href":"https:\/\/solucionsolar.cl\/solar\/wp-json\/wp\/v2\/media?parent=782"}],"wp:term":[{"taxonomy":"product_brand","embeddable":true,"href":"https:\/\/solucionsolar.cl\/solar\/wp-json\/wp\/v2\/product_brand?post=782"},{"taxonomy":"product_cat","embeddable":true,"href":"https:\/\/solucionsolar.cl\/solar\/wp-json\/wp\/v2\/product_cat?post=782"},{"taxonomy":"product_tag","embeddable":true,"href":"https:\/\/solucionsolar.cl\/solar\/wp-json\/wp\/v2\/product_tag?post=782"}],"curies":[{"name":"wp","href":"https:\/\/api.w.org\/{rel}","templated":true}]}}