{"id":792,"date":"2023-05-13T22:38:20","date_gmt":"2023-05-13T22:38:20","guid":{"rendered":"https:\/\/solucionsolar.cl\/solar\/producto\/placa-1-modulo-color-champagne-rosa-lexo\/"},"modified":"2023-05-13T22:38:20","modified_gmt":"2023-05-13T22:38:20","slug":"placa-1-modulo-color-champagne-rosa-lexo","status":"publish","type":"product","link":"https:\/\/solucionsolar.cl\/solar\/producto\/placa-1-modulo-color-champagne-rosa-lexo\/","title":{"rendered":"Placa 1 m\u00f3dulo color Champagne Rosa LEXO"},"content":{"rendered":"<p>La Placa 1 m\u00f3dulo color Champagne Rosa de LEXO es un accesorio el\u00e9ctrico dise\u00f1ado para ser instalado en cajas el\u00e9ctricas o cajas de pared, y permite la conexi\u00f3n de interruptores, enchufes u otros dispositivos el\u00e9ctricos. Esta placa tiene capacidad para un solo m\u00f3dulo y su color es champagne rosa.<\/p>\n","protected":false},"excerpt":{"rendered":"<p>La Placa 1 m\u00f3dulo color Champagne Rosa de LEXO es un accesorio el\u00e9ctrico dise\u00f1ado para ser instalado en cajas el\u00e9ctricas o cajas de pared, y permite la conexi\u00f3n de interruptores, enchufes u otros dispositivos el\u00e9ctricos. Esta placa tiene capacidad para un solo m\u00f3dulo y su color es champagne rosa.<\/p>\n","protected":false},"featured_media":791,"comment_status":"open","ping_status":"closed","template":"","meta":{"_joinchat":[]},"product_brand":[],"product_cat":[16],"product_tag":[],"class_list":{"0":"post-792","1":"product","2":"type-product","3":"status-publish","4":"has-post-thumbnail","6":"product_cat-electricidad","8":"first","9":"instock","10":"shipping-taxable","11":"purchasable","12":"product-type-simple"},"ams_default_variation_id":0,"ams_product_points_reward":[],"ams_product_discount_percentage":0,"ams_price_to_display":800,"ams_acf":[],"jetpack_sharing_enabled":true,"_links":{"self":[{"href":"https:\/\/solucionsolar.cl\/solar\/wp-json\/wp\/v2\/product\/792","targetHints":{"allow":["GET"]}}],"collection":[{"href":"https:\/\/solucionsolar.cl\/solar\/wp-json\/wp\/v2\/product"}],"about":[{"href":"https:\/\/solucionsolar.cl\/solar\/wp-json\/wp\/v2\/types\/product"}],"replies":[{"embeddable":true,"href":"https:\/\/solucionsolar.cl\/solar\/wp-json\/wp\/v2\/comments?post=792"}],"wp:featuredmedia":[{"embeddable":true,"href":"https:\/\/solucionsolar.cl\/solar\/wp-json\/wp\/v2\/media\/791"}],"wp:attachment":[{"href":"https:\/\/solucionsolar.cl\/solar\/wp-json\/wp\/v2\/media?parent=792"}],"wp:term":[{"taxonomy":"product_brand","embeddable":true,"href":"https:\/\/solucionsolar.cl\/solar\/wp-json\/wp\/v2\/product_brand?post=792"},{"taxonomy":"product_cat","embeddable":true,"href":"https:\/\/solucionsolar.cl\/solar\/wp-json\/wp\/v2\/product_cat?post=792"},{"taxonomy":"product_tag","embeddable":true,"href":"https:\/\/solucionsolar.cl\/solar\/wp-json\/wp\/v2\/product_tag?post=792"}],"curies":[{"name":"wp","href":"https:\/\/api.w.org\/{rel}","templated":true}]}}