{"id":794,"date":"2023-05-13T22:38:25","date_gmt":"2023-05-13T22:38:25","guid":{"rendered":"https:\/\/solucionsolar.cl\/solar\/producto\/casquete-hidrobox-interruptor-simple-9-12-lexo\/"},"modified":"2023-05-19T19:34:02","modified_gmt":"2023-05-19T19:34:02","slug":"casquete-hidrobox-interruptor-simple-9-12-lexo","status":"publish","type":"product","link":"https:\/\/solucionsolar.cl\/solar\/producto\/casquete-hidrobox-interruptor-simple-9-12-lexo\/","title":{"rendered":"Casquete Hidrobox Interruptor Simple 9\/12 LEXO"},"content":{"rendered":"<p>El Casquete Hidrobox Interruptor Simple 9\/12 LEXO es un accesorio el\u00e9ctrico que se utiliza para conectar un interruptor simple de 9\/12 amperios en una caja hidrobox. Este casquete tiene un dise\u00f1o espec\u00edfico para garantizar una protecci\u00f3n adecuada en entornos h\u00famedos y de alta humedad, como ba\u00f1os, cocinas y lavander\u00edas. Adem\u00e1s, su instalaci\u00f3n es r\u00e1pida y sencilla, permitiendo una conexi\u00f3n segura y eficiente del interruptor el\u00e9ctrico.<\/p>\n","protected":false},"excerpt":{"rendered":"<p>El Casquete Hidrobox Interruptor Simple 9\/12 LEXO es un accesorio el\u00e9ctrico que se utiliza para conectar un interruptor simple de 9\/12 amperios en una caja hidrobox. Este casquete tiene un dise\u00f1o espec\u00edfico para garantizar una protecci\u00f3n adecuada en entornos h\u00famedos y de alta humedad, como ba\u00f1os, cocinas y lavander\u00edas. Adem\u00e1s, su instalaci\u00f3n es r\u00e1pida y sencilla, permitiendo una conexi\u00f3n segura [&hellip;]<\/p>\n","protected":false},"featured_media":793,"comment_status":"open","ping_status":"closed","template":"","meta":{"_joinchat":[]},"product_brand":[],"product_cat":[16],"product_tag":[],"class_list":{"0":"post-794","1":"product","2":"type-product","3":"status-publish","4":"has-post-thumbnail","6":"product_cat-electricidad","8":"first","9":"instock","10":"shipping-taxable","11":"purchasable","12":"product-type-simple"},"ams_default_variation_id":0,"ams_product_points_reward":[],"ams_product_discount_percentage":0,"ams_price_to_display":6500,"ams_acf":[],"jetpack_sharing_enabled":true,"_links":{"self":[{"href":"https:\/\/solucionsolar.cl\/solar\/wp-json\/wp\/v2\/product\/794","targetHints":{"allow":["GET"]}}],"collection":[{"href":"https:\/\/solucionsolar.cl\/solar\/wp-json\/wp\/v2\/product"}],"about":[{"href":"https:\/\/solucionsolar.cl\/solar\/wp-json\/wp\/v2\/types\/product"}],"replies":[{"embeddable":true,"href":"https:\/\/solucionsolar.cl\/solar\/wp-json\/wp\/v2\/comments?post=794"}],"wp:featuredmedia":[{"embeddable":true,"href":"https:\/\/solucionsolar.cl\/solar\/wp-json\/wp\/v2\/media\/793"}],"wp:attachment":[{"href":"https:\/\/solucionsolar.cl\/solar\/wp-json\/wp\/v2\/media?parent=794"}],"wp:term":[{"taxonomy":"product_brand","embeddable":true,"href":"https:\/\/solucionsolar.cl\/solar\/wp-json\/wp\/v2\/product_brand?post=794"},{"taxonomy":"product_cat","embeddable":true,"href":"https:\/\/solucionsolar.cl\/solar\/wp-json\/wp\/v2\/product_cat?post=794"},{"taxonomy":"product_tag","embeddable":true,"href":"https:\/\/solucionsolar.cl\/solar\/wp-json\/wp\/v2\/product_tag?post=794"}],"curies":[{"name":"wp","href":"https:\/\/api.w.org\/{rel}","templated":true}]}}