{"id":796,"date":"2023-05-13T22:38:28","date_gmt":"2023-05-13T22:38:28","guid":{"rendered":"https:\/\/solucionsolar.cl\/solar\/producto\/int-diferencial-2x40a-30ma-legrand\/"},"modified":"2023-05-13T22:38:28","modified_gmt":"2023-05-13T22:38:28","slug":"int-diferencial-2x40a-30ma-legrand","status":"publish","type":"product","link":"https:\/\/solucionsolar.cl\/solar\/producto\/int-diferencial-2x40a-30ma-legrand\/","title":{"rendered":"Int Diferencial 2x40A 30MA LEGRAND"},"content":{"rendered":"<p>El Interruptor Diferencial 2x40A 30MA de Legrand es un dispositivo de protecci\u00f3n el\u00e9ctrica utilizado para detectar corrientes de fuga a tierra en circuitos el\u00e9ctricos y desconectar la energ\u00eda en caso de que se produzca una fuga peligrosa. Este modelo tiene una capacidad de corriente nominal de 40 amperios y una sensibilidad de 30 mA.<\/p>\n","protected":false},"excerpt":{"rendered":"<p>El Interruptor Diferencial 2x40A 30MA de Legrand es un dispositivo de protecci\u00f3n el\u00e9ctrica utilizado para detectar corrientes de fuga a tierra en circuitos el\u00e9ctricos y desconectar la energ\u00eda en caso de que se produzca una fuga peligrosa. Este modelo tiene una capacidad de corriente nominal de 40 amperios y una sensibilidad de 30 mA.<\/p>\n","protected":false},"featured_media":795,"comment_status":"open","ping_status":"closed","template":"","meta":{"_joinchat":[]},"product_brand":[],"product_cat":[16],"product_tag":[],"class_list":{"0":"post-796","1":"product","2":"type-product","3":"status-publish","4":"has-post-thumbnail","6":"product_cat-electricidad","8":"first","9":"instock","10":"shipping-taxable","11":"purchasable","12":"product-type-simple"},"ams_default_variation_id":0,"ams_product_points_reward":[],"ams_product_discount_percentage":0,"ams_price_to_display":45000,"ams_acf":[],"jetpack_sharing_enabled":true,"_links":{"self":[{"href":"https:\/\/solucionsolar.cl\/solar\/wp-json\/wp\/v2\/product\/796","targetHints":{"allow":["GET"]}}],"collection":[{"href":"https:\/\/solucionsolar.cl\/solar\/wp-json\/wp\/v2\/product"}],"about":[{"href":"https:\/\/solucionsolar.cl\/solar\/wp-json\/wp\/v2\/types\/product"}],"replies":[{"embeddable":true,"href":"https:\/\/solucionsolar.cl\/solar\/wp-json\/wp\/v2\/comments?post=796"}],"wp:featuredmedia":[{"embeddable":true,"href":"https:\/\/solucionsolar.cl\/solar\/wp-json\/wp\/v2\/media\/795"}],"wp:attachment":[{"href":"https:\/\/solucionsolar.cl\/solar\/wp-json\/wp\/v2\/media?parent=796"}],"wp:term":[{"taxonomy":"product_brand","embeddable":true,"href":"https:\/\/solucionsolar.cl\/solar\/wp-json\/wp\/v2\/product_brand?post=796"},{"taxonomy":"product_cat","embeddable":true,"href":"https:\/\/solucionsolar.cl\/solar\/wp-json\/wp\/v2\/product_cat?post=796"},{"taxonomy":"product_tag","embeddable":true,"href":"https:\/\/solucionsolar.cl\/solar\/wp-json\/wp\/v2\/product_tag?post=796"}],"curies":[{"name":"wp","href":"https:\/\/api.w.org\/{rel}","templated":true}]}}