{"id":798,"date":"2023-05-13T22:38:35","date_gmt":"2023-05-13T22:38:35","guid":{"rendered":"https:\/\/solucionsolar.cl\/solar\/producto\/rele-termico-17-25a-lexo\/"},"modified":"2023-05-13T22:38:35","modified_gmt":"2023-05-13T22:38:35","slug":"rele-termico-17-25a-lexo","status":"publish","type":"product","link":"https:\/\/solucionsolar.cl\/solar\/producto\/rele-termico-17-25a-lexo\/","title":{"rendered":"Rel\u00e9 t\u00e9rmico 17-25A LEXO"},"content":{"rendered":"<p>El rel\u00e9 t\u00e9rmico de 17-25A de LEXO es un dispositivo de protecci\u00f3n que se utiliza en circuitos el\u00e9ctricos para detectar y proteger contra sobrecargas y cortocircuitos en motores el\u00e9ctricos y otros equipos similares. Se activa autom\u00e1ticamente cuando se detecta una sobrecarga, lo que ayuda a prevenir da\u00f1os en el equipo y mantener la seguridad de las personas.<\/p>\n","protected":false},"excerpt":{"rendered":"<p>El rel\u00e9 t\u00e9rmico de 17-25A de LEXO es un dispositivo de protecci\u00f3n que se utiliza en circuitos el\u00e9ctricos para detectar y proteger contra sobrecargas y cortocircuitos en motores el\u00e9ctricos y otros equipos similares. Se activa autom\u00e1ticamente cuando se detecta una sobrecarga, lo que ayuda a prevenir da\u00f1os en el equipo y mantener la seguridad de las personas.<\/p>\n","protected":false},"featured_media":797,"comment_status":"open","ping_status":"closed","template":"","meta":{"_joinchat":[]},"product_brand":[],"product_cat":[16],"product_tag":[],"class_list":{"0":"post-798","1":"product","2":"type-product","3":"status-publish","4":"has-post-thumbnail","6":"product_cat-electricidad","8":"first","9":"instock","10":"shipping-taxable","11":"purchasable","12":"product-type-simple"},"ams_default_variation_id":0,"ams_product_points_reward":[],"ams_product_discount_percentage":0,"ams_price_to_display":8500,"ams_acf":[],"jetpack_sharing_enabled":true,"_links":{"self":[{"href":"https:\/\/solucionsolar.cl\/solar\/wp-json\/wp\/v2\/product\/798","targetHints":{"allow":["GET"]}}],"collection":[{"href":"https:\/\/solucionsolar.cl\/solar\/wp-json\/wp\/v2\/product"}],"about":[{"href":"https:\/\/solucionsolar.cl\/solar\/wp-json\/wp\/v2\/types\/product"}],"replies":[{"embeddable":true,"href":"https:\/\/solucionsolar.cl\/solar\/wp-json\/wp\/v2\/comments?post=798"}],"wp:featuredmedia":[{"embeddable":true,"href":"https:\/\/solucionsolar.cl\/solar\/wp-json\/wp\/v2\/media\/797"}],"wp:attachment":[{"href":"https:\/\/solucionsolar.cl\/solar\/wp-json\/wp\/v2\/media?parent=798"}],"wp:term":[{"taxonomy":"product_brand","embeddable":true,"href":"https:\/\/solucionsolar.cl\/solar\/wp-json\/wp\/v2\/product_brand?post=798"},{"taxonomy":"product_cat","embeddable":true,"href":"https:\/\/solucionsolar.cl\/solar\/wp-json\/wp\/v2\/product_cat?post=798"},{"taxonomy":"product_tag","embeddable":true,"href":"https:\/\/solucionsolar.cl\/solar\/wp-json\/wp\/v2\/product_tag?post=798"}],"curies":[{"name":"wp","href":"https:\/\/api.w.org\/{rel}","templated":true}]}}