{"id":80,"date":"2023-05-13T22:21:03","date_gmt":"2023-05-13T22:21:03","guid":{"rendered":"https:\/\/solucionsolar.cl\/solar\/producto\/tubo-metalico-rigido-emt-32mm-3mt\/"},"modified":"2023-05-13T22:21:03","modified_gmt":"2023-05-13T22:21:03","slug":"tubo-metalico-rigido-emt-32mm-3mt","status":"publish","type":"product","link":"https:\/\/solucionsolar.cl\/solar\/producto\/tubo-metalico-rigido-emt-32mm-3mt\/","title":{"rendered":"Tubo met\u00e1lico r\u00edgido EMT 32mm 3mt"},"content":{"rendered":"<p>El tubo met\u00e1lico r\u00edgido EMT de 32mm y 3 metros es un tubo de metal el\u00e9ctrico utilizado en instalaciones el\u00e9ctricas para proteger y enrutamiento de cables y conductores el\u00e9ctricos. Est\u00e1 hecho de acero galvanizado, lo que significa que es resistente a la corrosi\u00f3n y es duradero en entornos dif\u00edciles.<\/p>\n","protected":false},"excerpt":{"rendered":"<p>El tubo met\u00e1lico r\u00edgido EMT de 32mm y 3 metros es un tubo de metal el\u00e9ctrico utilizado en instalaciones el\u00e9ctricas para proteger y enrutamiento de cables y conductores el\u00e9ctricos. Est\u00e1 hecho de acero galvanizado, lo que significa que es resistente a la corrosi\u00f3n y es duradero en entornos dif\u00edciles.<\/p>\n","protected":false},"featured_media":79,"comment_status":"open","ping_status":"closed","template":"","meta":{"_joinchat":[]},"product_brand":[],"product_cat":[17],"product_tag":[],"class_list":{"0":"post-80","1":"product","2":"type-product","3":"status-publish","4":"has-post-thumbnail","6":"product_cat-ferreteria","8":"first","9":"instock","10":"shipping-taxable","11":"purchasable","12":"product-type-simple"},"ams_default_variation_id":0,"ams_product_points_reward":[],"ams_product_discount_percentage":0,"ams_price_to_display":8500,"ams_acf":[],"jetpack_sharing_enabled":true,"_links":{"self":[{"href":"https:\/\/solucionsolar.cl\/solar\/wp-json\/wp\/v2\/product\/80","targetHints":{"allow":["GET"]}}],"collection":[{"href":"https:\/\/solucionsolar.cl\/solar\/wp-json\/wp\/v2\/product"}],"about":[{"href":"https:\/\/solucionsolar.cl\/solar\/wp-json\/wp\/v2\/types\/product"}],"replies":[{"embeddable":true,"href":"https:\/\/solucionsolar.cl\/solar\/wp-json\/wp\/v2\/comments?post=80"}],"wp:featuredmedia":[{"embeddable":true,"href":"https:\/\/solucionsolar.cl\/solar\/wp-json\/wp\/v2\/media\/79"}],"wp:attachment":[{"href":"https:\/\/solucionsolar.cl\/solar\/wp-json\/wp\/v2\/media?parent=80"}],"wp:term":[{"taxonomy":"product_brand","embeddable":true,"href":"https:\/\/solucionsolar.cl\/solar\/wp-json\/wp\/v2\/product_brand?post=80"},{"taxonomy":"product_cat","embeddable":true,"href":"https:\/\/solucionsolar.cl\/solar\/wp-json\/wp\/v2\/product_cat?post=80"},{"taxonomy":"product_tag","embeddable":true,"href":"https:\/\/solucionsolar.cl\/solar\/wp-json\/wp\/v2\/product_tag?post=80"}],"curies":[{"name":"wp","href":"https:\/\/api.w.org\/{rel}","templated":true}]}}