{"id":806,"date":"2023-05-13T22:38:47","date_gmt":"2023-05-13T22:38:47","guid":{"rendered":"https:\/\/solucionsolar.cl\/solar\/producto\/tapa-sobrepuesta-hidrobox-3-modulos-ip55-lexo\/"},"modified":"2023-05-13T22:38:47","modified_gmt":"2023-05-13T22:38:47","slug":"tapa-sobrepuesta-hidrobox-3-modulos-ip55-lexo","status":"publish","type":"product","link":"https:\/\/solucionsolar.cl\/solar\/producto\/tapa-sobrepuesta-hidrobox-3-modulos-ip55-lexo\/","title":{"rendered":"Tapa sobrepuesta Hidrobox 3 m\u00f3dulos IP55 LEXO"},"content":{"rendered":"<p>La tapa sobrepuesta Hidrobox de LEXO es un accesorio para cajas el\u00e9ctricas con capacidad para 3 m\u00f3dulos. Su grado de protecci\u00f3n es IP55, lo que la hace resistente al polvo y la humedad. Es ideal para proteger los elementos el\u00e9ctricos de su interior y para garantizar la seguridad en entornos h\u00famedos o al aire libre.<\/p>\n","protected":false},"excerpt":{"rendered":"<p>La tapa sobrepuesta Hidrobox de LEXO es un accesorio para cajas el\u00e9ctricas con capacidad para 3 m\u00f3dulos. Su grado de protecci\u00f3n es IP55, lo que la hace resistente al polvo y la humedad. Es ideal para proteger los elementos el\u00e9ctricos de su interior y para garantizar la seguridad en entornos h\u00famedos o al aire libre.<\/p>\n","protected":false},"featured_media":805,"comment_status":"open","ping_status":"closed","template":"","meta":{"_joinchat":[]},"product_brand":[],"product_cat":[16],"product_tag":[],"class_list":{"0":"post-806","1":"product","2":"type-product","3":"status-publish","4":"has-post-thumbnail","6":"product_cat-electricidad","8":"first","9":"instock","10":"shipping-taxable","11":"purchasable","12":"product-type-simple"},"ams_default_variation_id":0,"ams_product_points_reward":[],"ams_product_discount_percentage":0,"ams_price_to_display":8500,"ams_acf":[],"jetpack_sharing_enabled":true,"_links":{"self":[{"href":"https:\/\/solucionsolar.cl\/solar\/wp-json\/wp\/v2\/product\/806","targetHints":{"allow":["GET"]}}],"collection":[{"href":"https:\/\/solucionsolar.cl\/solar\/wp-json\/wp\/v2\/product"}],"about":[{"href":"https:\/\/solucionsolar.cl\/solar\/wp-json\/wp\/v2\/types\/product"}],"replies":[{"embeddable":true,"href":"https:\/\/solucionsolar.cl\/solar\/wp-json\/wp\/v2\/comments?post=806"}],"wp:featuredmedia":[{"embeddable":true,"href":"https:\/\/solucionsolar.cl\/solar\/wp-json\/wp\/v2\/media\/805"}],"wp:attachment":[{"href":"https:\/\/solucionsolar.cl\/solar\/wp-json\/wp\/v2\/media?parent=806"}],"wp:term":[{"taxonomy":"product_brand","embeddable":true,"href":"https:\/\/solucionsolar.cl\/solar\/wp-json\/wp\/v2\/product_brand?post=806"},{"taxonomy":"product_cat","embeddable":true,"href":"https:\/\/solucionsolar.cl\/solar\/wp-json\/wp\/v2\/product_cat?post=806"},{"taxonomy":"product_tag","embeddable":true,"href":"https:\/\/solucionsolar.cl\/solar\/wp-json\/wp\/v2\/product_tag?post=806"}],"curies":[{"name":"wp","href":"https:\/\/api.w.org\/{rel}","templated":true}]}}