{"id":812,"date":"2023-05-13T22:38:59","date_gmt":"2023-05-13T22:38:59","guid":{"rendered":"https:\/\/solucionsolar.cl\/solar\/producto\/interruptor-lampara-2x1a-on-off-blanco-lexo\/"},"modified":"2023-05-13T22:38:59","modified_gmt":"2023-05-13T22:38:59","slug":"interruptor-lampara-2x1a-on-off-blanco-lexo","status":"publish","type":"product","link":"https:\/\/solucionsolar.cl\/solar\/producto\/interruptor-lampara-2x1a-on-off-blanco-lexo\/","title":{"rendered":"Interruptor l\u00e1mpara 2x1A ON\/OFF Blanco LEXO"},"content":{"rendered":"<p>El Interruptor l\u00e1mpara 2x1A ON\/OFF Blanco LEXO es un dispositivo el\u00e9ctrico de control que permite encender y apagar la luz de forma manual. Este modelo es de dos v\u00edas, con capacidad de soportar una corriente el\u00e9ctrica de hasta 1A. El color blanco de su dise\u00f1o lo hace ideal para su uso en instalaciones el\u00e9ctricas residenciales o comerciales de estilo moderno o minimalista.<\/p>\n","protected":false},"excerpt":{"rendered":"<p>El Interruptor l\u00e1mpara 2x1A ON\/OFF Blanco LEXO es un dispositivo el\u00e9ctrico de control que permite encender y apagar la luz de forma manual. Este modelo es de dos v\u00edas, con capacidad de soportar una corriente el\u00e9ctrica de hasta 1A. El color blanco de su dise\u00f1o lo hace ideal para su uso en instalaciones el\u00e9ctricas residenciales o comerciales de estilo moderno [&hellip;]<\/p>\n","protected":false},"featured_media":811,"comment_status":"open","ping_status":"closed","template":"","meta":{"_joinchat":[]},"product_brand":[],"product_cat":[16],"product_tag":[],"class_list":{"0":"post-812","1":"product","2":"type-product","3":"status-publish","4":"has-post-thumbnail","6":"product_cat-electricidad","8":"first","9":"instock","10":"shipping-taxable","11":"purchasable","12":"product-type-simple"},"ams_default_variation_id":0,"ams_product_points_reward":[],"ams_product_discount_percentage":0,"ams_price_to_display":1500,"ams_acf":[],"jetpack_sharing_enabled":true,"_links":{"self":[{"href":"https:\/\/solucionsolar.cl\/solar\/wp-json\/wp\/v2\/product\/812","targetHints":{"allow":["GET"]}}],"collection":[{"href":"https:\/\/solucionsolar.cl\/solar\/wp-json\/wp\/v2\/product"}],"about":[{"href":"https:\/\/solucionsolar.cl\/solar\/wp-json\/wp\/v2\/types\/product"}],"replies":[{"embeddable":true,"href":"https:\/\/solucionsolar.cl\/solar\/wp-json\/wp\/v2\/comments?post=812"}],"wp:featuredmedia":[{"embeddable":true,"href":"https:\/\/solucionsolar.cl\/solar\/wp-json\/wp\/v2\/media\/811"}],"wp:attachment":[{"href":"https:\/\/solucionsolar.cl\/solar\/wp-json\/wp\/v2\/media?parent=812"}],"wp:term":[{"taxonomy":"product_brand","embeddable":true,"href":"https:\/\/solucionsolar.cl\/solar\/wp-json\/wp\/v2\/product_brand?post=812"},{"taxonomy":"product_cat","embeddable":true,"href":"https:\/\/solucionsolar.cl\/solar\/wp-json\/wp\/v2\/product_cat?post=812"},{"taxonomy":"product_tag","embeddable":true,"href":"https:\/\/solucionsolar.cl\/solar\/wp-json\/wp\/v2\/product_tag?post=812"}],"curies":[{"name":"wp","href":"https:\/\/api.w.org\/{rel}","templated":true}]}}