{"id":814,"date":"2023-05-13T22:39:00","date_gmt":"2023-05-13T22:39:00","guid":{"rendered":"https:\/\/solucionsolar.cl\/solar\/producto\/cable-thhn-14awg-colores-100mt\/"},"modified":"2023-05-13T22:39:00","modified_gmt":"2023-05-13T22:39:00","slug":"cable-thhn-14awg-colores-100mt","status":"publish","type":"product","link":"https:\/\/solucionsolar.cl\/solar\/producto\/cable-thhn-14awg-colores-100mt\/","title":{"rendered":"Cable THHN 14AWG Colores (100mt)"},"content":{"rendered":"<p>El Cable THHN 14AWG Colores (100mt) es un cable el\u00e9ctrico de calibre 14 AWG, recubierto por un aislamiento de PVC resistente al calor y a la humedad. Es utilizado para la instalaci\u00f3n de sistemas el\u00e9ctricos residenciales, comerciales e industriales, donde se requiere una buena conductividad el\u00e9ctrica y alta resistencia a la abrasi\u00f3n y al desgaste. Los colores variados del cable facilitan la identificaci\u00f3n y organizaci\u00f3n de los conductores en la instalaci\u00f3n el\u00e9ctrica.<\/p>\n","protected":false},"excerpt":{"rendered":"<p>El Cable THHN 14AWG Colores (100mt) es un cable el\u00e9ctrico de calibre 14 AWG, recubierto por un aislamiento de PVC resistente al calor y a la humedad. Es utilizado para la instalaci\u00f3n de sistemas el\u00e9ctricos residenciales, comerciales e industriales, donde se requiere una buena conductividad el\u00e9ctrica y alta resistencia a la abrasi\u00f3n y al desgaste. Los colores variados del cable [&hellip;]<\/p>\n","protected":false},"featured_media":813,"comment_status":"open","ping_status":"closed","template":"","meta":{"_joinchat":[]},"product_brand":[],"product_cat":[18,16],"product_tag":[],"class_list":{"0":"post-814","1":"product","2":"type-product","3":"status-publish","4":"has-post-thumbnail","6":"product_cat-cables","7":"product_cat-electricidad","9":"first","10":"instock","11":"shipping-taxable","12":"purchasable","13":"product-type-simple"},"ams_default_variation_id":0,"ams_product_points_reward":[],"ams_product_discount_percentage":0,"ams_price_to_display":34900,"ams_acf":[],"jetpack_sharing_enabled":true,"_links":{"self":[{"href":"https:\/\/solucionsolar.cl\/solar\/wp-json\/wp\/v2\/product\/814","targetHints":{"allow":["GET"]}}],"collection":[{"href":"https:\/\/solucionsolar.cl\/solar\/wp-json\/wp\/v2\/product"}],"about":[{"href":"https:\/\/solucionsolar.cl\/solar\/wp-json\/wp\/v2\/types\/product"}],"replies":[{"embeddable":true,"href":"https:\/\/solucionsolar.cl\/solar\/wp-json\/wp\/v2\/comments?post=814"}],"wp:featuredmedia":[{"embeddable":true,"href":"https:\/\/solucionsolar.cl\/solar\/wp-json\/wp\/v2\/media\/813"}],"wp:attachment":[{"href":"https:\/\/solucionsolar.cl\/solar\/wp-json\/wp\/v2\/media?parent=814"}],"wp:term":[{"taxonomy":"product_brand","embeddable":true,"href":"https:\/\/solucionsolar.cl\/solar\/wp-json\/wp\/v2\/product_brand?post=814"},{"taxonomy":"product_cat","embeddable":true,"href":"https:\/\/solucionsolar.cl\/solar\/wp-json\/wp\/v2\/product_cat?post=814"},{"taxonomy":"product_tag","embeddable":true,"href":"https:\/\/solucionsolar.cl\/solar\/wp-json\/wp\/v2\/product_tag?post=814"}],"curies":[{"name":"wp","href":"https:\/\/api.w.org\/{rel}","templated":true}]}}