{"id":818,"date":"2023-05-13T22:39:05","date_gmt":"2023-05-13T22:39:05","guid":{"rendered":"https:\/\/solucionsolar.cl\/solar\/producto\/enchufe-hembra-volante-industrial-2pt-32a-220v-ip44-lexo\/"},"modified":"2023-05-13T22:39:05","modified_gmt":"2023-05-13T22:39:05","slug":"enchufe-hembra-volante-industrial-2pt-32a-220v-ip44-lexo","status":"publish","type":"product","link":"https:\/\/solucionsolar.cl\/solar\/producto\/enchufe-hembra-volante-industrial-2pt-32a-220v-ip44-lexo\/","title":{"rendered":"Enchufe hembra volante industrial 2P+T 32A 220V IP44 LEXO"},"content":{"rendered":"<p>El enchufe hembra volante industrial de LEXO es un conector el\u00e9ctrico de 2 polos y tierra con capacidad de corriente de 32 amperios y voltaje de 220V, con un grado de protecci\u00f3n IP44 contra polvo y agua. Es una herramienta \u00fatil en instalaciones el\u00e9ctricas industriales y de construcci\u00f3n, ya que permite una conexi\u00f3n y desconexi\u00f3n r\u00e1pida y segura de los equipos.<\/p>\n","protected":false},"excerpt":{"rendered":"<p>El enchufe hembra volante industrial de LEXO es un conector el\u00e9ctrico de 2 polos y tierra con capacidad de corriente de 32 amperios y voltaje de 220V, con un grado de protecci\u00f3n IP44 contra polvo y agua. Es una herramienta \u00fatil en instalaciones el\u00e9ctricas industriales y de construcci\u00f3n, ya que permite una conexi\u00f3n y desconexi\u00f3n r\u00e1pida y segura de los [&hellip;]<\/p>\n","protected":false},"featured_media":817,"comment_status":"open","ping_status":"closed","template":"","meta":{"_joinchat":[]},"product_brand":[],"product_cat":[16],"product_tag":[],"class_list":{"0":"post-818","1":"product","2":"type-product","3":"status-publish","4":"has-post-thumbnail","6":"product_cat-electricidad","8":"first","9":"instock","10":"shipping-taxable","11":"purchasable","12":"product-type-simple"},"ams_default_variation_id":0,"ams_product_points_reward":[],"ams_product_discount_percentage":0,"ams_price_to_display":3000,"ams_acf":[],"jetpack_sharing_enabled":true,"_links":{"self":[{"href":"https:\/\/solucionsolar.cl\/solar\/wp-json\/wp\/v2\/product\/818","targetHints":{"allow":["GET"]}}],"collection":[{"href":"https:\/\/solucionsolar.cl\/solar\/wp-json\/wp\/v2\/product"}],"about":[{"href":"https:\/\/solucionsolar.cl\/solar\/wp-json\/wp\/v2\/types\/product"}],"replies":[{"embeddable":true,"href":"https:\/\/solucionsolar.cl\/solar\/wp-json\/wp\/v2\/comments?post=818"}],"wp:featuredmedia":[{"embeddable":true,"href":"https:\/\/solucionsolar.cl\/solar\/wp-json\/wp\/v2\/media\/817"}],"wp:attachment":[{"href":"https:\/\/solucionsolar.cl\/solar\/wp-json\/wp\/v2\/media?parent=818"}],"wp:term":[{"taxonomy":"product_brand","embeddable":true,"href":"https:\/\/solucionsolar.cl\/solar\/wp-json\/wp\/v2\/product_brand?post=818"},{"taxonomy":"product_cat","embeddable":true,"href":"https:\/\/solucionsolar.cl\/solar\/wp-json\/wp\/v2\/product_cat?post=818"},{"taxonomy":"product_tag","embeddable":true,"href":"https:\/\/solucionsolar.cl\/solar\/wp-json\/wp\/v2\/product_tag?post=818"}],"curies":[{"name":"wp","href":"https:\/\/api.w.org\/{rel}","templated":true}]}}