{"id":828,"date":"2023-05-13T22:39:21","date_gmt":"2023-05-13T22:39:21","guid":{"rendered":"https:\/\/solucionsolar.cl\/solar\/producto\/medidor-mecanico-monofasico-10-50a-certificado-ebasse\/"},"modified":"2023-05-13T22:39:21","modified_gmt":"2023-05-13T22:39:21","slug":"medidor-mecanico-monofasico-10-50a-certificado-ebasse","status":"publish","type":"product","link":"https:\/\/solucionsolar.cl\/solar\/producto\/medidor-mecanico-monofasico-10-50a-certificado-ebasse\/","title":{"rendered":"Medidor mec\u00e1nico monof\u00e1sico 10\/50A Certificado EBASSE"},"content":{"rendered":"<p>El medidor mec\u00e1nico monof\u00e1sico 10\/50A Certificado EBASSE es un dispositivo de medici\u00f3n de energ\u00eda el\u00e9ctrica dise\u00f1ado para medir la cantidad de electricidad consumida por un hogar o negocio. Este medidor utiliza un mecanismo mec\u00e1nico para medir la cantidad de energ\u00eda el\u00e9ctrica consumida y muestra los resultados en una pantalla num\u00e9rica. Tiene una capacidad de medici\u00f3n de hasta 50 amperios y est\u00e1 certificado por EBASSE, lo que garantiza su precisi\u00f3n y fiabilidad en la medici\u00f3n de la energ\u00eda el\u00e9ctrica consumida.<\/p>\n","protected":false},"excerpt":{"rendered":"<p>El medidor mec\u00e1nico monof\u00e1sico 10\/50A Certificado EBASSE es un dispositivo de medici\u00f3n de energ\u00eda el\u00e9ctrica dise\u00f1ado para medir la cantidad de electricidad consumida por un hogar o negocio. Este medidor utiliza un mecanismo mec\u00e1nico para medir la cantidad de energ\u00eda el\u00e9ctrica consumida y muestra los resultados en una pantalla num\u00e9rica. Tiene una capacidad de medici\u00f3n de hasta 50 amperios y [&hellip;]<\/p>\n","protected":false},"featured_media":827,"comment_status":"open","ping_status":"closed","template":"","meta":{"_joinchat":[]},"product_brand":[],"product_cat":[26,43],"product_tag":[],"class_list":{"0":"post-828","1":"product","2":"type-product","3":"status-publish","4":"has-post-thumbnail","6":"product_cat-empalmes","7":"product_cat-medidores","9":"first","10":"instock","11":"shipping-taxable","12":"purchasable","13":"product-type-simple"},"ams_default_variation_id":0,"ams_product_points_reward":[],"ams_product_discount_percentage":0,"ams_price_to_display":22900,"ams_acf":[],"jetpack_sharing_enabled":true,"_links":{"self":[{"href":"https:\/\/solucionsolar.cl\/solar\/wp-json\/wp\/v2\/product\/828","targetHints":{"allow":["GET"]}}],"collection":[{"href":"https:\/\/solucionsolar.cl\/solar\/wp-json\/wp\/v2\/product"}],"about":[{"href":"https:\/\/solucionsolar.cl\/solar\/wp-json\/wp\/v2\/types\/product"}],"replies":[{"embeddable":true,"href":"https:\/\/solucionsolar.cl\/solar\/wp-json\/wp\/v2\/comments?post=828"}],"wp:featuredmedia":[{"embeddable":true,"href":"https:\/\/solucionsolar.cl\/solar\/wp-json\/wp\/v2\/media\/827"}],"wp:attachment":[{"href":"https:\/\/solucionsolar.cl\/solar\/wp-json\/wp\/v2\/media?parent=828"}],"wp:term":[{"taxonomy":"product_brand","embeddable":true,"href":"https:\/\/solucionsolar.cl\/solar\/wp-json\/wp\/v2\/product_brand?post=828"},{"taxonomy":"product_cat","embeddable":true,"href":"https:\/\/solucionsolar.cl\/solar\/wp-json\/wp\/v2\/product_cat?post=828"},{"taxonomy":"product_tag","embeddable":true,"href":"https:\/\/solucionsolar.cl\/solar\/wp-json\/wp\/v2\/product_tag?post=828"}],"curies":[{"name":"wp","href":"https:\/\/api.w.org\/{rel}","templated":true}]}}