{"id":831,"date":"2023-05-13T22:39:24","date_gmt":"2023-05-13T22:39:24","guid":{"rendered":"https:\/\/solucionsolar.cl\/solar\/producto\/int-diferencial-4x40a-30ma-lexo\/"},"modified":"2023-05-13T22:39:24","modified_gmt":"2023-05-13T22:39:24","slug":"int-diferencial-4x40a-30ma-lexo","status":"publish","type":"product","link":"https:\/\/solucionsolar.cl\/solar\/producto\/int-diferencial-4x40a-30ma-lexo\/","title":{"rendered":"Int Diferencial 4x40A 30MA LEXO"},"content":{"rendered":"<p>El Interruptor Diferencial 4x40A 30MA LEXO es un dispositivo de protecci\u00f3n el\u00e9ctrica que se utiliza para proteger contra fugas de corriente y cortocircuitos en circuitos el\u00e9ctricos de hasta 40 amperios y 30 miliamperios de corriente de fuga. Es un componente esencial en la seguridad el\u00e9ctrica de hogares y edificios.<\/p>\n","protected":false},"excerpt":{"rendered":"<p>El Interruptor Diferencial 4x40A 30MA LEXO es un dispositivo de protecci\u00f3n el\u00e9ctrica que se utiliza para proteger contra fugas de corriente y cortocircuitos en circuitos el\u00e9ctricos de hasta 40 amperios y 30 miliamperios de corriente de fuga. Es un componente esencial en la seguridad el\u00e9ctrica de hogares y edificios.<\/p>\n","protected":false},"featured_media":830,"comment_status":"open","ping_status":"closed","template":"","meta":{"_joinchat":[]},"product_brand":[],"product_cat":[16],"product_tag":[],"class_list":{"0":"post-831","1":"product","2":"type-product","3":"status-publish","4":"has-post-thumbnail","6":"product_cat-electricidad","8":"first","9":"instock","10":"shipping-taxable","11":"purchasable","12":"product-type-simple"},"ams_default_variation_id":0,"ams_product_points_reward":[],"ams_product_discount_percentage":0,"ams_price_to_display":19900,"ams_acf":[],"jetpack_sharing_enabled":true,"_links":{"self":[{"href":"https:\/\/solucionsolar.cl\/solar\/wp-json\/wp\/v2\/product\/831","targetHints":{"allow":["GET"]}}],"collection":[{"href":"https:\/\/solucionsolar.cl\/solar\/wp-json\/wp\/v2\/product"}],"about":[{"href":"https:\/\/solucionsolar.cl\/solar\/wp-json\/wp\/v2\/types\/product"}],"replies":[{"embeddable":true,"href":"https:\/\/solucionsolar.cl\/solar\/wp-json\/wp\/v2\/comments?post=831"}],"wp:featuredmedia":[{"embeddable":true,"href":"https:\/\/solucionsolar.cl\/solar\/wp-json\/wp\/v2\/media\/830"}],"wp:attachment":[{"href":"https:\/\/solucionsolar.cl\/solar\/wp-json\/wp\/v2\/media?parent=831"}],"wp:term":[{"taxonomy":"product_brand","embeddable":true,"href":"https:\/\/solucionsolar.cl\/solar\/wp-json\/wp\/v2\/product_brand?post=831"},{"taxonomy":"product_cat","embeddable":true,"href":"https:\/\/solucionsolar.cl\/solar\/wp-json\/wp\/v2\/product_cat?post=831"},{"taxonomy":"product_tag","embeddable":true,"href":"https:\/\/solucionsolar.cl\/solar\/wp-json\/wp\/v2\/product_tag?post=831"}],"curies":[{"name":"wp","href":"https:\/\/api.w.org\/{rel}","templated":true}]}}