{"id":833,"date":"2023-05-13T22:39:28","date_gmt":"2023-05-13T22:39:28","guid":{"rendered":"https:\/\/solucionsolar.cl\/solar\/producto\/cable-l-halogeno-15mm-colores-mt\/"},"modified":"2023-05-13T22:39:28","modified_gmt":"2023-05-13T22:39:28","slug":"cable-l-halogeno-15mm-colores-mt","status":"publish","type":"product","link":"https:\/\/solucionsolar.cl\/solar\/producto\/cable-l-halogeno-15mm-colores-mt\/","title":{"rendered":"Cable L\/Hal\u00f3geno 1,5mm Colores (mt)"},"content":{"rendered":"<p>Este es un cable de 1.5 mm de di\u00e1metro revestido en un material de baja emisi\u00f3n de humos y gases t\u00f3xicos, conocido como \u00abcable libre de hal\u00f3genos\u00bb. Viene en diferentes colores para identificar f\u00e1cilmente la conexi\u00f3n el\u00e9ctrica. Se vende por metros.<\/p>\n","protected":false},"excerpt":{"rendered":"<p>Este es un cable de 1.5 mm de di\u00e1metro revestido en un material de baja emisi\u00f3n de humos y gases t\u00f3xicos, conocido como \u00abcable libre de hal\u00f3genos\u00bb. Viene en diferentes colores para identificar f\u00e1cilmente la conexi\u00f3n el\u00e9ctrica. Se vende por metros.<\/p>\n","protected":false},"featured_media":832,"comment_status":"open","ping_status":"closed","template":"","meta":{"_joinchat":[]},"product_brand":[],"product_cat":[18,16],"product_tag":[],"class_list":{"0":"post-833","1":"product","2":"type-product","3":"status-publish","4":"has-post-thumbnail","6":"product_cat-cables","7":"product_cat-electricidad","9":"first","10":"instock","11":"shipping-taxable","12":"purchasable","13":"product-type-simple"},"ams_default_variation_id":0,"ams_product_points_reward":[],"ams_product_discount_percentage":0,"ams_price_to_display":350,"ams_acf":[],"jetpack_sharing_enabled":true,"_links":{"self":[{"href":"https:\/\/solucionsolar.cl\/solar\/wp-json\/wp\/v2\/product\/833","targetHints":{"allow":["GET"]}}],"collection":[{"href":"https:\/\/solucionsolar.cl\/solar\/wp-json\/wp\/v2\/product"}],"about":[{"href":"https:\/\/solucionsolar.cl\/solar\/wp-json\/wp\/v2\/types\/product"}],"replies":[{"embeddable":true,"href":"https:\/\/solucionsolar.cl\/solar\/wp-json\/wp\/v2\/comments?post=833"}],"wp:featuredmedia":[{"embeddable":true,"href":"https:\/\/solucionsolar.cl\/solar\/wp-json\/wp\/v2\/media\/832"}],"wp:attachment":[{"href":"https:\/\/solucionsolar.cl\/solar\/wp-json\/wp\/v2\/media?parent=833"}],"wp:term":[{"taxonomy":"product_brand","embeddable":true,"href":"https:\/\/solucionsolar.cl\/solar\/wp-json\/wp\/v2\/product_brand?post=833"},{"taxonomy":"product_cat","embeddable":true,"href":"https:\/\/solucionsolar.cl\/solar\/wp-json\/wp\/v2\/product_cat?post=833"},{"taxonomy":"product_tag","embeddable":true,"href":"https:\/\/solucionsolar.cl\/solar\/wp-json\/wp\/v2\/product_tag?post=833"}],"curies":[{"name":"wp","href":"https:\/\/api.w.org\/{rel}","templated":true}]}}