{"id":835,"date":"2023-05-13T22:39:29","date_gmt":"2023-05-13T22:39:29","guid":{"rendered":"https:\/\/solucionsolar.cl\/solar\/producto\/conector-dentado-thep-16-95-4-3550mm2-lexo\/"},"modified":"2023-05-13T22:39:29","modified_gmt":"2023-05-13T22:39:29","slug":"conector-dentado-thep-16-95-4-3550mm2-lexo","status":"publish","type":"product","link":"https:\/\/solucionsolar.cl\/solar\/producto\/conector-dentado-thep-16-95-4-3550mm2-lexo\/","title":{"rendered":"Conector dentado THEP (16-95 \/ 4-35(50)mm2) LEXO"},"content":{"rendered":"<p>El conector dentado THEP de LEXO es una herramienta para realizar conexiones el\u00e9ctricas de forma segura y eficiente. Est\u00e1 dise\u00f1ado para trabajar con cables de 16 a 95 mm\u00b2 en la parte superior y de 4 a 35(50) mm\u00b2 en la parte inferior. El conector dentado garantiza una conexi\u00f3n resistente y fiable sin la necesidad de herramientas especiales.<\/p>\n","protected":false},"excerpt":{"rendered":"<p>El conector dentado THEP de LEXO es una herramienta para realizar conexiones el\u00e9ctricas de forma segura y eficiente. Est\u00e1 dise\u00f1ado para trabajar con cables de 16 a 95 mm\u00b2 en la parte superior y de 4 a 35(50) mm\u00b2 en la parte inferior. El conector dentado garantiza una conexi\u00f3n resistente y fiable sin la necesidad de herramientas especiales.<\/p>\n","protected":false},"featured_media":834,"comment_status":"open","ping_status":"closed","template":"","meta":{"_joinchat":[]},"product_brand":[],"product_cat":[16],"product_tag":[],"class_list":{"0":"post-835","1":"product","2":"type-product","3":"status-publish","4":"has-post-thumbnail","6":"product_cat-electricidad","8":"first","9":"instock","10":"shipping-taxable","11":"purchasable","12":"product-type-simple"},"ams_default_variation_id":0,"ams_product_points_reward":[],"ams_product_discount_percentage":0,"ams_price_to_display":2000,"ams_acf":[],"jetpack_sharing_enabled":true,"_links":{"self":[{"href":"https:\/\/solucionsolar.cl\/solar\/wp-json\/wp\/v2\/product\/835","targetHints":{"allow":["GET"]}}],"collection":[{"href":"https:\/\/solucionsolar.cl\/solar\/wp-json\/wp\/v2\/product"}],"about":[{"href":"https:\/\/solucionsolar.cl\/solar\/wp-json\/wp\/v2\/types\/product"}],"replies":[{"embeddable":true,"href":"https:\/\/solucionsolar.cl\/solar\/wp-json\/wp\/v2\/comments?post=835"}],"wp:featuredmedia":[{"embeddable":true,"href":"https:\/\/solucionsolar.cl\/solar\/wp-json\/wp\/v2\/media\/834"}],"wp:attachment":[{"href":"https:\/\/solucionsolar.cl\/solar\/wp-json\/wp\/v2\/media?parent=835"}],"wp:term":[{"taxonomy":"product_brand","embeddable":true,"href":"https:\/\/solucionsolar.cl\/solar\/wp-json\/wp\/v2\/product_brand?post=835"},{"taxonomy":"product_cat","embeddable":true,"href":"https:\/\/solucionsolar.cl\/solar\/wp-json\/wp\/v2\/product_cat?post=835"},{"taxonomy":"product_tag","embeddable":true,"href":"https:\/\/solucionsolar.cl\/solar\/wp-json\/wp\/v2\/product_tag?post=835"}],"curies":[{"name":"wp","href":"https:\/\/api.w.org\/{rel}","templated":true}]}}