{"id":843,"date":"2023-05-13T22:39:39","date_gmt":"2023-05-13T22:39:39","guid":{"rendered":"https:\/\/solucionsolar.cl\/solar\/producto\/cable-l-halogeno-4mm-colores-100mt\/"},"modified":"2023-05-13T22:39:39","modified_gmt":"2023-05-13T22:39:39","slug":"cable-l-halogeno-4mm-colores-100mt","status":"publish","type":"product","link":"https:\/\/solucionsolar.cl\/solar\/producto\/cable-l-halogeno-4mm-colores-100mt\/","title":{"rendered":"Cable L\/Hal\u00f3geno 4mm colores (100mt)"},"content":{"rendered":"<p>Cable el\u00e9ctrico con cubierta hal\u00f3gena de 4mm de di\u00e1metro y colores variados. Viene en una presentaci\u00f3n de 100 metros.<\/p>\n","protected":false},"excerpt":{"rendered":"<p>Cable el\u00e9ctrico con cubierta hal\u00f3gena de 4mm de di\u00e1metro y colores variados. Viene en una presentaci\u00f3n de 100 metros.<\/p>\n","protected":false},"featured_media":842,"comment_status":"open","ping_status":"closed","template":"","meta":{"_joinchat":[]},"product_brand":[],"product_cat":[18,16],"product_tag":[],"class_list":{"0":"post-843","1":"product","2":"type-product","3":"status-publish","4":"has-post-thumbnail","6":"product_cat-cables","7":"product_cat-electricidad","9":"first","10":"instock","11":"shipping-taxable","12":"purchasable","13":"product-type-simple"},"ams_default_variation_id":0,"ams_product_points_reward":[],"ams_product_discount_percentage":0,"ams_price_to_display":69000,"ams_acf":[],"jetpack_sharing_enabled":true,"_links":{"self":[{"href":"https:\/\/solucionsolar.cl\/solar\/wp-json\/wp\/v2\/product\/843","targetHints":{"allow":["GET"]}}],"collection":[{"href":"https:\/\/solucionsolar.cl\/solar\/wp-json\/wp\/v2\/product"}],"about":[{"href":"https:\/\/solucionsolar.cl\/solar\/wp-json\/wp\/v2\/types\/product"}],"replies":[{"embeddable":true,"href":"https:\/\/solucionsolar.cl\/solar\/wp-json\/wp\/v2\/comments?post=843"}],"wp:featuredmedia":[{"embeddable":true,"href":"https:\/\/solucionsolar.cl\/solar\/wp-json\/wp\/v2\/media\/842"}],"wp:attachment":[{"href":"https:\/\/solucionsolar.cl\/solar\/wp-json\/wp\/v2\/media?parent=843"}],"wp:term":[{"taxonomy":"product_brand","embeddable":true,"href":"https:\/\/solucionsolar.cl\/solar\/wp-json\/wp\/v2\/product_brand?post=843"},{"taxonomy":"product_cat","embeddable":true,"href":"https:\/\/solucionsolar.cl\/solar\/wp-json\/wp\/v2\/product_cat?post=843"},{"taxonomy":"product_tag","embeddable":true,"href":"https:\/\/solucionsolar.cl\/solar\/wp-json\/wp\/v2\/product_tag?post=843"}],"curies":[{"name":"wp","href":"https:\/\/api.w.org\/{rel}","templated":true}]}}