{"id":851,"date":"2023-05-13T22:39:49","date_gmt":"2023-05-13T22:39:49","guid":{"rendered":"https:\/\/solucionsolar.cl\/solar\/producto\/casquete-hidrobox-toma-corriente-simple-10a-lexo\/"},"modified":"2023-05-19T19:38:50","modified_gmt":"2023-05-19T19:38:50","slug":"casquete-hidrobox-toma-corriente-simple-10a-lexo","status":"publish","type":"product","link":"https:\/\/solucionsolar.cl\/solar\/producto\/casquete-hidrobox-toma-corriente-simple-10a-lexo\/","title":{"rendered":"Casquete Hidrobox Toma corriente Simple 10A LEXO"},"content":{"rendered":"<p>Casquete Hidrobox Toma corriente Simple 10A LEXO es un accesorio que se utiliza en combinaci\u00f3n con el Hidrobox para proporcionar una toma corriente de 10A en un ambiente h\u00famedo o mojado. Es compatible con los m\u00f3dulos LEXO est\u00e1ndar y puede ser utilizado en diferentes aplicaciones industriales y comerciales.<\/p>\n","protected":false},"excerpt":{"rendered":"<p>Casquete Hidrobox Toma corriente Simple 10A LEXO es un accesorio que se utiliza en combinaci\u00f3n con el Hidrobox para proporcionar una toma corriente de 10A en un ambiente h\u00famedo o mojado. Es compatible con los m\u00f3dulos LEXO est\u00e1ndar y puede ser utilizado en diferentes aplicaciones industriales y comerciales.<\/p>\n","protected":false},"featured_media":850,"comment_status":"open","ping_status":"closed","template":"","meta":{"_joinchat":[]},"product_brand":[],"product_cat":[16],"product_tag":[],"class_list":{"0":"post-851","1":"product","2":"type-product","3":"status-publish","4":"has-post-thumbnail","6":"product_cat-electricidad","8":"first","9":"instock","10":"shipping-taxable","11":"purchasable","12":"product-type-simple"},"ams_default_variation_id":0,"ams_product_points_reward":[],"ams_product_discount_percentage":0,"ams_price_to_display":6500,"ams_acf":[],"jetpack_sharing_enabled":true,"_links":{"self":[{"href":"https:\/\/solucionsolar.cl\/solar\/wp-json\/wp\/v2\/product\/851","targetHints":{"allow":["GET"]}}],"collection":[{"href":"https:\/\/solucionsolar.cl\/solar\/wp-json\/wp\/v2\/product"}],"about":[{"href":"https:\/\/solucionsolar.cl\/solar\/wp-json\/wp\/v2\/types\/product"}],"replies":[{"embeddable":true,"href":"https:\/\/solucionsolar.cl\/solar\/wp-json\/wp\/v2\/comments?post=851"}],"wp:featuredmedia":[{"embeddable":true,"href":"https:\/\/solucionsolar.cl\/solar\/wp-json\/wp\/v2\/media\/850"}],"wp:attachment":[{"href":"https:\/\/solucionsolar.cl\/solar\/wp-json\/wp\/v2\/media?parent=851"}],"wp:term":[{"taxonomy":"product_brand","embeddable":true,"href":"https:\/\/solucionsolar.cl\/solar\/wp-json\/wp\/v2\/product_brand?post=851"},{"taxonomy":"product_cat","embeddable":true,"href":"https:\/\/solucionsolar.cl\/solar\/wp-json\/wp\/v2\/product_cat?post=851"},{"taxonomy":"product_tag","embeddable":true,"href":"https:\/\/solucionsolar.cl\/solar\/wp-json\/wp\/v2\/product_tag?post=851"}],"curies":[{"name":"wp","href":"https:\/\/api.w.org\/{rel}","templated":true}]}}