{"id":855,"date":"2023-05-13T22:39:55","date_gmt":"2023-05-13T22:39:55","guid":{"rendered":"https:\/\/solucionsolar.cl\/solar\/producto\/contacto-auxiliar-para-guardamotor\/"},"modified":"2023-05-13T22:39:55","modified_gmt":"2023-05-13T22:39:55","slug":"contacto-auxiliar-para-guardamotor","status":"publish","type":"product","link":"https:\/\/solucionsolar.cl\/solar\/producto\/contacto-auxiliar-para-guardamotor\/","title":{"rendered":"Contacto auxiliar para guardamotor"},"content":{"rendered":"<p>Un contacto auxiliar para guardamotor es un componente el\u00e9ctrico que se utiliza para indicar la posici\u00f3n de los contactos principales de un guardamotor. Ayuda en la monitorizaci\u00f3n y control de los circuitos el\u00e9ctricos.<\/p>\n","protected":false},"excerpt":{"rendered":"<p>Un contacto auxiliar para guardamotor es un componente el\u00e9ctrico que se utiliza para indicar la posici\u00f3n de los contactos principales de un guardamotor. Ayuda en la monitorizaci\u00f3n y control de los circuitos el\u00e9ctricos.<\/p>\n","protected":false},"featured_media":854,"comment_status":"open","ping_status":"closed","template":"","meta":{"_joinchat":[]},"product_brand":[],"product_cat":[16],"product_tag":[],"class_list":{"0":"post-855","1":"product","2":"type-product","3":"status-publish","4":"has-post-thumbnail","6":"product_cat-electricidad","8":"first","9":"instock","10":"shipping-taxable","11":"purchasable","12":"product-type-simple"},"ams_default_variation_id":0,"ams_product_points_reward":[],"ams_product_discount_percentage":0,"ams_price_to_display":3900,"ams_acf":[],"jetpack_sharing_enabled":true,"_links":{"self":[{"href":"https:\/\/solucionsolar.cl\/solar\/wp-json\/wp\/v2\/product\/855","targetHints":{"allow":["GET"]}}],"collection":[{"href":"https:\/\/solucionsolar.cl\/solar\/wp-json\/wp\/v2\/product"}],"about":[{"href":"https:\/\/solucionsolar.cl\/solar\/wp-json\/wp\/v2\/types\/product"}],"replies":[{"embeddable":true,"href":"https:\/\/solucionsolar.cl\/solar\/wp-json\/wp\/v2\/comments?post=855"}],"wp:featuredmedia":[{"embeddable":true,"href":"https:\/\/solucionsolar.cl\/solar\/wp-json\/wp\/v2\/media\/854"}],"wp:attachment":[{"href":"https:\/\/solucionsolar.cl\/solar\/wp-json\/wp\/v2\/media?parent=855"}],"wp:term":[{"taxonomy":"product_brand","embeddable":true,"href":"https:\/\/solucionsolar.cl\/solar\/wp-json\/wp\/v2\/product_brand?post=855"},{"taxonomy":"product_cat","embeddable":true,"href":"https:\/\/solucionsolar.cl\/solar\/wp-json\/wp\/v2\/product_cat?post=855"},{"taxonomy":"product_tag","embeddable":true,"href":"https:\/\/solucionsolar.cl\/solar\/wp-json\/wp\/v2\/product_tag?post=855"}],"curies":[{"name":"wp","href":"https:\/\/api.w.org\/{rel}","templated":true}]}}