{"id":86,"date":"2023-05-13T22:21:10","date_gmt":"2023-05-13T22:21:10","guid":{"rendered":"https:\/\/solucionsolar.cl\/solar\/producto\/cadena-galvanizada-5mm-eslabon-largo-1mt\/"},"modified":"2023-05-13T22:21:10","modified_gmt":"2023-05-13T22:21:10","slug":"cadena-galvanizada-5mm-eslabon-largo-1mt","status":"publish","type":"product","link":"https:\/\/solucionsolar.cl\/solar\/producto\/cadena-galvanizada-5mm-eslabon-largo-1mt\/","title":{"rendered":"Cadena galvanizada 5mm eslab\u00f3n largo 1mt"},"content":{"rendered":"<p>Una cadena galvanizada de 5mm con eslab\u00f3n largo de 1 metro es un accesorio de ferreter\u00eda utilizado en una variedad de aplicaciones como la construcci\u00f3n, la navegaci\u00f3n y la agricultura. Est\u00e1 hecha de acero galvanizado, lo que significa que est\u00e1 protegida contra la corrosi\u00f3n, y tiene eslabones largos de 5mm de di\u00e1metro que se unen para formar una cadena de un metro de longitud.<\/p>\n","protected":false},"excerpt":{"rendered":"<p>Una cadena galvanizada de 5mm con eslab\u00f3n largo de 1 metro es un accesorio de ferreter\u00eda utilizado en una variedad de aplicaciones como la construcci\u00f3n, la navegaci\u00f3n y la agricultura. Est\u00e1 hecha de acero galvanizado, lo que significa que est\u00e1 protegida contra la corrosi\u00f3n, y tiene eslabones largos de 5mm de di\u00e1metro que se unen para formar una cadena de [&hellip;]<\/p>\n","protected":false},"featured_media":85,"comment_status":"open","ping_status":"closed","template":"","meta":{"_joinchat":[]},"product_brand":[],"product_cat":[17],"product_tag":[],"class_list":{"0":"post-86","1":"product","2":"type-product","3":"status-publish","4":"has-post-thumbnail","6":"product_cat-ferreteria","8":"first","9":"instock","10":"shipping-taxable","11":"purchasable","12":"product-type-simple"},"ams_default_variation_id":0,"ams_product_points_reward":[],"ams_product_discount_percentage":0,"ams_price_to_display":1600,"ams_acf":[],"jetpack_sharing_enabled":true,"_links":{"self":[{"href":"https:\/\/solucionsolar.cl\/solar\/wp-json\/wp\/v2\/product\/86","targetHints":{"allow":["GET"]}}],"collection":[{"href":"https:\/\/solucionsolar.cl\/solar\/wp-json\/wp\/v2\/product"}],"about":[{"href":"https:\/\/solucionsolar.cl\/solar\/wp-json\/wp\/v2\/types\/product"}],"replies":[{"embeddable":true,"href":"https:\/\/solucionsolar.cl\/solar\/wp-json\/wp\/v2\/comments?post=86"}],"wp:featuredmedia":[{"embeddable":true,"href":"https:\/\/solucionsolar.cl\/solar\/wp-json\/wp\/v2\/media\/85"}],"wp:attachment":[{"href":"https:\/\/solucionsolar.cl\/solar\/wp-json\/wp\/v2\/media?parent=86"}],"wp:term":[{"taxonomy":"product_brand","embeddable":true,"href":"https:\/\/solucionsolar.cl\/solar\/wp-json\/wp\/v2\/product_brand?post=86"},{"taxonomy":"product_cat","embeddable":true,"href":"https:\/\/solucionsolar.cl\/solar\/wp-json\/wp\/v2\/product_cat?post=86"},{"taxonomy":"product_tag","embeddable":true,"href":"https:\/\/solucionsolar.cl\/solar\/wp-json\/wp\/v2\/product_tag?post=86"}],"curies":[{"name":"wp","href":"https:\/\/api.w.org\/{rel}","templated":true}]}}