{"id":865,"date":"2023-05-13T22:40:14","date_gmt":"2023-05-13T22:40:14","guid":{"rendered":"https:\/\/solucionsolar.cl\/solar\/producto\/cable-l-halogeno-4mm-colores-mt\/"},"modified":"2023-05-13T22:40:14","modified_gmt":"2023-05-13T22:40:14","slug":"cable-l-halogeno-4mm-colores-mt","status":"publish","type":"product","link":"https:\/\/solucionsolar.cl\/solar\/producto\/cable-l-halogeno-4mm-colores-mt\/","title":{"rendered":"Cable L\/Hal\u00f3geno 4mm colores (mt)"},"content":{"rendered":"<p>Este es un cable de baja emisi\u00f3n de humo y hal\u00f3genos de 4 mm de di\u00e1metro en varios colores. Es utilizado en instalaciones el\u00e9ctricas para la conexi\u00f3n de circuitos de potencia y control.<\/p>\n","protected":false},"excerpt":{"rendered":"<p>Este es un cable de baja emisi\u00f3n de humo y hal\u00f3genos de 4 mm de di\u00e1metro en varios colores. Es utilizado en instalaciones el\u00e9ctricas para la conexi\u00f3n de circuitos de potencia y control.<\/p>\n","protected":false},"featured_media":864,"comment_status":"open","ping_status":"closed","template":"","meta":{"_joinchat":[]},"product_brand":[],"product_cat":[18,16],"product_tag":[],"class_list":{"0":"post-865","1":"product","2":"type-product","3":"status-publish","4":"has-post-thumbnail","6":"product_cat-cables","7":"product_cat-electricidad","9":"first","10":"instock","11":"shipping-taxable","12":"purchasable","13":"product-type-simple"},"ams_default_variation_id":0,"ams_product_points_reward":[],"ams_product_discount_percentage":0,"ams_price_to_display":750,"ams_acf":[],"jetpack_sharing_enabled":true,"_links":{"self":[{"href":"https:\/\/solucionsolar.cl\/solar\/wp-json\/wp\/v2\/product\/865","targetHints":{"allow":["GET"]}}],"collection":[{"href":"https:\/\/solucionsolar.cl\/solar\/wp-json\/wp\/v2\/product"}],"about":[{"href":"https:\/\/solucionsolar.cl\/solar\/wp-json\/wp\/v2\/types\/product"}],"replies":[{"embeddable":true,"href":"https:\/\/solucionsolar.cl\/solar\/wp-json\/wp\/v2\/comments?post=865"}],"wp:featuredmedia":[{"embeddable":true,"href":"https:\/\/solucionsolar.cl\/solar\/wp-json\/wp\/v2\/media\/864"}],"wp:attachment":[{"href":"https:\/\/solucionsolar.cl\/solar\/wp-json\/wp\/v2\/media?parent=865"}],"wp:term":[{"taxonomy":"product_brand","embeddable":true,"href":"https:\/\/solucionsolar.cl\/solar\/wp-json\/wp\/v2\/product_brand?post=865"},{"taxonomy":"product_cat","embeddable":true,"href":"https:\/\/solucionsolar.cl\/solar\/wp-json\/wp\/v2\/product_cat?post=865"},{"taxonomy":"product_tag","embeddable":true,"href":"https:\/\/solucionsolar.cl\/solar\/wp-json\/wp\/v2\/product_tag?post=865"}],"curies":[{"name":"wp","href":"https:\/\/api.w.org\/{rel}","templated":true}]}}