{"id":873,"date":"2023-05-13T22:40:21","date_gmt":"2023-05-13T22:40:21","guid":{"rendered":"https:\/\/solucionsolar.cl\/solar\/producto\/interruptor-doble-9-15-con-placa-blanca-modus-plus-bticino\/"},"modified":"2023-05-13T22:40:21","modified_gmt":"2023-05-13T22:40:21","slug":"interruptor-doble-9-15-con-placa-blanca-modus-plus-bticino","status":"publish","type":"product","link":"https:\/\/solucionsolar.cl\/solar\/producto\/interruptor-doble-9-15-con-placa-blanca-modus-plus-bticino\/","title":{"rendered":"Interruptor Doble 9\/15 con placa blanca Modus Plus BTICINO"},"content":{"rendered":"<p>Interruptor Doble 9\/15 con placa blanca Modus Plus BTICINO es un dispositivo el\u00e9ctrico que permite la conexi\u00f3n y desconexi\u00f3n de dos circuitos el\u00e9ctricos diferentes de manera independiente mediante un mismo interruptor. Su dise\u00f1o modular permite su instalaci\u00f3n en placas de pared de la serie Modus Plus de BTICINO.<\/p>\n","protected":false},"excerpt":{"rendered":"<p>Interruptor Doble 9\/15 con placa blanca Modus Plus BTICINO es un dispositivo el\u00e9ctrico que permite la conexi\u00f3n y desconexi\u00f3n de dos circuitos el\u00e9ctricos diferentes de manera independiente mediante un mismo interruptor. Su dise\u00f1o modular permite su instalaci\u00f3n en placas de pared de la serie Modus Plus de BTICINO.<\/p>\n","protected":false},"featured_media":872,"comment_status":"open","ping_status":"closed","template":"","meta":{"_joinchat":[]},"product_brand":[],"product_cat":[16],"product_tag":[],"class_list":{"0":"post-873","1":"product","2":"type-product","3":"status-publish","4":"has-post-thumbnail","6":"product_cat-electricidad","8":"first","9":"instock","10":"shipping-taxable","11":"purchasable","12":"product-type-simple"},"ams_default_variation_id":0,"ams_product_points_reward":[],"ams_product_discount_percentage":0,"ams_price_to_display":3400,"ams_acf":[],"jetpack_sharing_enabled":true,"_links":{"self":[{"href":"https:\/\/solucionsolar.cl\/solar\/wp-json\/wp\/v2\/product\/873","targetHints":{"allow":["GET"]}}],"collection":[{"href":"https:\/\/solucionsolar.cl\/solar\/wp-json\/wp\/v2\/product"}],"about":[{"href":"https:\/\/solucionsolar.cl\/solar\/wp-json\/wp\/v2\/types\/product"}],"replies":[{"embeddable":true,"href":"https:\/\/solucionsolar.cl\/solar\/wp-json\/wp\/v2\/comments?post=873"}],"wp:featuredmedia":[{"embeddable":true,"href":"https:\/\/solucionsolar.cl\/solar\/wp-json\/wp\/v2\/media\/872"}],"wp:attachment":[{"href":"https:\/\/solucionsolar.cl\/solar\/wp-json\/wp\/v2\/media?parent=873"}],"wp:term":[{"taxonomy":"product_brand","embeddable":true,"href":"https:\/\/solucionsolar.cl\/solar\/wp-json\/wp\/v2\/product_brand?post=873"},{"taxonomy":"product_cat","embeddable":true,"href":"https:\/\/solucionsolar.cl\/solar\/wp-json\/wp\/v2\/product_cat?post=873"},{"taxonomy":"product_tag","embeddable":true,"href":"https:\/\/solucionsolar.cl\/solar\/wp-json\/wp\/v2\/product_tag?post=873"}],"curies":[{"name":"wp","href":"https:\/\/api.w.org\/{rel}","templated":true}]}}