{"id":876,"date":"2023-05-13T22:40:22","date_gmt":"2023-05-13T22:40:22","guid":{"rendered":"https:\/\/solucionsolar.cl\/solar\/producto\/interruptor-simple-9-12-toma-corriente-10a-con-placa-blanca-modus-plus-bticino\/"},"modified":"2023-05-13T22:40:22","modified_gmt":"2023-05-13T22:40:22","slug":"interruptor-simple-9-12-toma-corriente-10a-con-placa-blanca-modus-plus-bticino","status":"publish","type":"product","link":"https:\/\/solucionsolar.cl\/solar\/producto\/interruptor-simple-9-12-toma-corriente-10a-con-placa-blanca-modus-plus-bticino\/","title":{"rendered":"Interruptor Simple 9\/12 + Toma corriente 10A con placa blanca Modus Plus BTICINO"},"content":{"rendered":"<p>Interruptor Simple 9\/12 + Toma corriente 10A con placa blanca Modus Plus BTICINO es un dispositivo el\u00e9ctrico de pared que combina un interruptor simple de 9\/12 y una toma corriente de 10A, dise\u00f1ado para ser instalado en sistemas el\u00e9ctricos residenciales o comerciales. La placa blanca Modus Plus BTICINO proporciona una apariencia est\u00e9tica y limpia a la instalaci\u00f3n el\u00e9ctrica.<\/p>\n","protected":false},"excerpt":{"rendered":"<p>Interruptor Simple 9\/12 + Toma corriente 10A con placa blanca Modus Plus BTICINO es un dispositivo el\u00e9ctrico de pared que combina un interruptor simple de 9\/12 y una toma corriente de 10A, dise\u00f1ado para ser instalado en sistemas el\u00e9ctricos residenciales o comerciales. La placa blanca Modus Plus BTICINO proporciona una apariencia est\u00e9tica y limpia a la instalaci\u00f3n el\u00e9ctrica.<\/p>\n","protected":false},"featured_media":874,"comment_status":"open","ping_status":"closed","template":"","meta":{"_joinchat":[]},"product_brand":[],"product_cat":[16],"product_tag":[],"class_list":{"0":"post-876","1":"product","2":"type-product","3":"status-publish","4":"has-post-thumbnail","6":"product_cat-electricidad","8":"first","9":"instock","10":"shipping-taxable","11":"purchasable","12":"product-type-simple"},"ams_default_variation_id":0,"ams_product_points_reward":[],"ams_product_discount_percentage":0,"ams_price_to_display":2800,"ams_acf":[],"jetpack_sharing_enabled":true,"_links":{"self":[{"href":"https:\/\/solucionsolar.cl\/solar\/wp-json\/wp\/v2\/product\/876","targetHints":{"allow":["GET"]}}],"collection":[{"href":"https:\/\/solucionsolar.cl\/solar\/wp-json\/wp\/v2\/product"}],"about":[{"href":"https:\/\/solucionsolar.cl\/solar\/wp-json\/wp\/v2\/types\/product"}],"replies":[{"embeddable":true,"href":"https:\/\/solucionsolar.cl\/solar\/wp-json\/wp\/v2\/comments?post=876"}],"wp:featuredmedia":[{"embeddable":true,"href":"https:\/\/solucionsolar.cl\/solar\/wp-json\/wp\/v2\/media\/874"}],"wp:attachment":[{"href":"https:\/\/solucionsolar.cl\/solar\/wp-json\/wp\/v2\/media?parent=876"}],"wp:term":[{"taxonomy":"product_brand","embeddable":true,"href":"https:\/\/solucionsolar.cl\/solar\/wp-json\/wp\/v2\/product_brand?post=876"},{"taxonomy":"product_cat","embeddable":true,"href":"https:\/\/solucionsolar.cl\/solar\/wp-json\/wp\/v2\/product_cat?post=876"},{"taxonomy":"product_tag","embeddable":true,"href":"https:\/\/solucionsolar.cl\/solar\/wp-json\/wp\/v2\/product_tag?post=876"}],"curies":[{"name":"wp","href":"https:\/\/api.w.org\/{rel}","templated":true}]}}