{"id":88,"date":"2023-05-13T22:21:17","date_gmt":"2023-05-13T22:21:17","guid":{"rendered":"https:\/\/solucionsolar.cl\/solar\/producto\/abrazadera-enclipsable-metalica-1-2-3-4\/"},"modified":"2023-05-13T22:21:17","modified_gmt":"2023-05-13T22:21:17","slug":"abrazadera-enclipsable-metalica-1-2-3-4","status":"publish","type":"product","link":"https:\/\/solucionsolar.cl\/solar\/producto\/abrazadera-enclipsable-metalica-1-2-3-4\/","title":{"rendered":"Abrazadera enclipsable met\u00e1lica 1\/2-3\/4"},"content":{"rendered":"<p>Es un dispositivo de sujeci\u00f3n utilizado para fijar tuber\u00edas de di\u00e1metros espec\u00edficos. Est\u00e1 compuesta por una banda met\u00e1lica en forma de U que se ajusta alrededor de la tuber\u00eda y se fija en su lugar mediante un clip o cierre que se inserta en la banda.<\/p>\n<p>La abrazadera enclipsable de 1\/2-3\/4 est\u00e1 dise\u00f1ada para adaptarse a tuber\u00edas con di\u00e1metros exteriores de 1\/2&#8243; y 3\/4&#8243;, lo que la hace adecuada para su uso en instalaciones de fontaner\u00eda y sistemas de conducci\u00f3n de fluidos en los hogares y en entornos comerciales e industriales.<\/p>\n","protected":false},"excerpt":{"rendered":"<p>Es un dispositivo de sujeci\u00f3n utilizado para fijar tuber\u00edas de di\u00e1metros espec\u00edficos. Est\u00e1 compuesta por una banda met\u00e1lica en forma de U que se ajusta alrededor de la tuber\u00eda y se fija en su lugar mediante un clip o cierre que se inserta en la banda. La abrazadera enclipsable de 1\/2-3\/4 est\u00e1 dise\u00f1ada para adaptarse a tuber\u00edas con di\u00e1metros exteriores [&hellip;]<\/p>\n","protected":false},"featured_media":87,"comment_status":"open","ping_status":"closed","template":"","meta":{"_joinchat":[]},"product_brand":[],"product_cat":[19,16],"product_tag":[],"class_list":{"0":"post-88","1":"product","2":"type-product","3":"status-publish","4":"has-post-thumbnail","6":"product_cat-abrazaderas","7":"product_cat-electricidad","9":"first","10":"instock","11":"shipping-taxable","12":"purchasable","13":"product-type-simple"},"ams_default_variation_id":0,"ams_product_points_reward":[],"ams_product_discount_percentage":0,"ams_price_to_display":220,"ams_acf":[],"jetpack_sharing_enabled":true,"_links":{"self":[{"href":"https:\/\/solucionsolar.cl\/solar\/wp-json\/wp\/v2\/product\/88","targetHints":{"allow":["GET"]}}],"collection":[{"href":"https:\/\/solucionsolar.cl\/solar\/wp-json\/wp\/v2\/product"}],"about":[{"href":"https:\/\/solucionsolar.cl\/solar\/wp-json\/wp\/v2\/types\/product"}],"replies":[{"embeddable":true,"href":"https:\/\/solucionsolar.cl\/solar\/wp-json\/wp\/v2\/comments?post=88"}],"wp:featuredmedia":[{"embeddable":true,"href":"https:\/\/solucionsolar.cl\/solar\/wp-json\/wp\/v2\/media\/87"}],"wp:attachment":[{"href":"https:\/\/solucionsolar.cl\/solar\/wp-json\/wp\/v2\/media?parent=88"}],"wp:term":[{"taxonomy":"product_brand","embeddable":true,"href":"https:\/\/solucionsolar.cl\/solar\/wp-json\/wp\/v2\/product_brand?post=88"},{"taxonomy":"product_cat","embeddable":true,"href":"https:\/\/solucionsolar.cl\/solar\/wp-json\/wp\/v2\/product_cat?post=88"},{"taxonomy":"product_tag","embeddable":true,"href":"https:\/\/solucionsolar.cl\/solar\/wp-json\/wp\/v2\/product_tag?post=88"}],"curies":[{"name":"wp","href":"https:\/\/api.w.org\/{rel}","templated":true}]}}