{"id":886,"date":"2023-05-13T22:40:34","date_gmt":"2023-05-13T22:40:34","guid":{"rendered":"https:\/\/solucionsolar.cl\/solar\/producto\/placa-1-modulo-color-titanio-lexo\/"},"modified":"2023-05-13T22:40:34","modified_gmt":"2023-05-13T22:40:34","slug":"placa-1-modulo-color-titanio-lexo","status":"publish","type":"product","link":"https:\/\/solucionsolar.cl\/solar\/producto\/placa-1-modulo-color-titanio-lexo\/","title":{"rendered":"Placa 1 m\u00f3dulo color Titanio LEXO"},"content":{"rendered":"<p>La Placa 1 m\u00f3dulo color Titanio LEXO es un componente para la instalaci\u00f3n el\u00e9ctrica de tama\u00f1o est\u00e1ndar que se utiliza para cubrir y proteger los interruptores, enchufes y otros elementos el\u00e9ctricos.<\/p>\n","protected":false},"excerpt":{"rendered":"<p>La Placa 1 m\u00f3dulo color Titanio LEXO es un componente para la instalaci\u00f3n el\u00e9ctrica de tama\u00f1o est\u00e1ndar que se utiliza para cubrir y proteger los interruptores, enchufes y otros elementos el\u00e9ctricos.<\/p>\n","protected":false},"featured_media":885,"comment_status":"open","ping_status":"closed","template":"","meta":{"_joinchat":[]},"product_brand":[],"product_cat":[16],"product_tag":[],"class_list":{"0":"post-886","1":"product","2":"type-product","3":"status-publish","4":"has-post-thumbnail","6":"product_cat-electricidad","8":"first","9":"instock","10":"shipping-taxable","11":"purchasable","12":"product-type-simple"},"ams_default_variation_id":0,"ams_product_points_reward":[],"ams_product_discount_percentage":0,"ams_price_to_display":800,"ams_acf":[],"jetpack_sharing_enabled":true,"_links":{"self":[{"href":"https:\/\/solucionsolar.cl\/solar\/wp-json\/wp\/v2\/product\/886","targetHints":{"allow":["GET"]}}],"collection":[{"href":"https:\/\/solucionsolar.cl\/solar\/wp-json\/wp\/v2\/product"}],"about":[{"href":"https:\/\/solucionsolar.cl\/solar\/wp-json\/wp\/v2\/types\/product"}],"replies":[{"embeddable":true,"href":"https:\/\/solucionsolar.cl\/solar\/wp-json\/wp\/v2\/comments?post=886"}],"wp:featuredmedia":[{"embeddable":true,"href":"https:\/\/solucionsolar.cl\/solar\/wp-json\/wp\/v2\/media\/885"}],"wp:attachment":[{"href":"https:\/\/solucionsolar.cl\/solar\/wp-json\/wp\/v2\/media?parent=886"}],"wp:term":[{"taxonomy":"product_brand","embeddable":true,"href":"https:\/\/solucionsolar.cl\/solar\/wp-json\/wp\/v2\/product_brand?post=886"},{"taxonomy":"product_cat","embeddable":true,"href":"https:\/\/solucionsolar.cl\/solar\/wp-json\/wp\/v2\/product_cat?post=886"},{"taxonomy":"product_tag","embeddable":true,"href":"https:\/\/solucionsolar.cl\/solar\/wp-json\/wp\/v2\/product_tag?post=886"}],"curies":[{"name":"wp","href":"https:\/\/api.w.org\/{rel}","templated":true}]}}