{"id":894,"date":"2023-05-13T22:40:47","date_gmt":"2023-05-13T22:40:47","guid":{"rendered":"https:\/\/solucionsolar.cl\/solar\/producto\/alargador-zapatilla-6-tomas-3-mt-c-interruptor-negro-cert-sec-lexo\/"},"modified":"2023-05-13T22:40:47","modified_gmt":"2023-05-13T22:40:47","slug":"alargador-zapatilla-6-tomas-3-mt-c-interruptor-negro-cert-sec-lexo","status":"publish","type":"product","link":"https:\/\/solucionsolar.cl\/solar\/producto\/alargador-zapatilla-6-tomas-3-mt-c-interruptor-negro-cert-sec-lexo\/","title":{"rendered":"Alargador zapatilla 6 tomas 3 mt c\/interruptor Negro Cert SEC LEXO"},"content":{"rendered":"<p>Es un dispositivo el\u00e9ctrico dise\u00f1ado para permitir la conexi\u00f3n de m\u00faltiples dispositivos el\u00e9ctricos en un solo enchufe. Este alargador cuenta con 6 tomas de corriente y un interruptor de encendido y apagado, lo que permite ahorrar energ\u00eda y proteger los dispositivos conectados. La longitud del cable de 3 metros proporciona una mayor flexibilidad y libertad de movimiento. Adem\u00e1s, el alargador zapatilla est\u00e1 certificado por SEC, lo que garantiza su seguridad y calidad. Este dispositivo es ideal para su uso en hogares, oficinas y talleres.<\/p>\n","protected":false},"excerpt":{"rendered":"<p>Es un dispositivo el\u00e9ctrico dise\u00f1ado para permitir la conexi\u00f3n de m\u00faltiples dispositivos el\u00e9ctricos en un solo enchufe. Este alargador cuenta con 6 tomas de corriente y un interruptor de encendido y apagado, lo que permite ahorrar energ\u00eda y proteger los dispositivos conectados. La longitud del cable de 3 metros proporciona una mayor flexibilidad y libertad de movimiento. Adem\u00e1s, el alargador [&hellip;]<\/p>\n","protected":false},"featured_media":893,"comment_status":"open","ping_status":"closed","template":"","meta":{"_joinchat":[]},"product_brand":[],"product_cat":[16],"product_tag":[],"class_list":{"0":"post-894","1":"product","2":"type-product","3":"status-publish","4":"has-post-thumbnail","6":"product_cat-electricidad","8":"first","9":"instock","10":"shipping-taxable","11":"purchasable","12":"product-type-simple"},"ams_default_variation_id":0,"ams_product_points_reward":[],"ams_product_discount_percentage":0,"ams_price_to_display":7500,"ams_acf":[],"jetpack_sharing_enabled":true,"_links":{"self":[{"href":"https:\/\/solucionsolar.cl\/solar\/wp-json\/wp\/v2\/product\/894","targetHints":{"allow":["GET"]}}],"collection":[{"href":"https:\/\/solucionsolar.cl\/solar\/wp-json\/wp\/v2\/product"}],"about":[{"href":"https:\/\/solucionsolar.cl\/solar\/wp-json\/wp\/v2\/types\/product"}],"replies":[{"embeddable":true,"href":"https:\/\/solucionsolar.cl\/solar\/wp-json\/wp\/v2\/comments?post=894"}],"wp:featuredmedia":[{"embeddable":true,"href":"https:\/\/solucionsolar.cl\/solar\/wp-json\/wp\/v2\/media\/893"}],"wp:attachment":[{"href":"https:\/\/solucionsolar.cl\/solar\/wp-json\/wp\/v2\/media?parent=894"}],"wp:term":[{"taxonomy":"product_brand","embeddable":true,"href":"https:\/\/solucionsolar.cl\/solar\/wp-json\/wp\/v2\/product_brand?post=894"},{"taxonomy":"product_cat","embeddable":true,"href":"https:\/\/solucionsolar.cl\/solar\/wp-json\/wp\/v2\/product_cat?post=894"},{"taxonomy":"product_tag","embeddable":true,"href":"https:\/\/solucionsolar.cl\/solar\/wp-json\/wp\/v2\/product_tag?post=894"}],"curies":[{"name":"wp","href":"https:\/\/api.w.org\/{rel}","templated":true}]}}