{"id":896,"date":"2023-05-13T22:40:50","date_gmt":"2023-05-13T22:40:50","guid":{"rendered":"https:\/\/solucionsolar.cl\/solar\/producto\/tablero-empotrado-pvc-24-polos-lexo\/"},"modified":"2023-05-13T22:40:50","modified_gmt":"2023-05-13T22:40:50","slug":"tablero-empotrado-pvc-24-polos-lexo","status":"publish","type":"product","link":"https:\/\/solucionsolar.cl\/solar\/producto\/tablero-empotrado-pvc-24-polos-lexo\/","title":{"rendered":"Tablero empotrado pvc 24 polos LEXO"},"content":{"rendered":"<p>Es un dispositivo el\u00e9ctrico dise\u00f1ado para alojar componentes el\u00e9ctricos en su interior, brindando protecci\u00f3n y organizaci\u00f3n a la instalaci\u00f3n el\u00e9ctrica. Este tablero cuenta con 24 polos, lo que permite la conexi\u00f3n de m\u00faltiples dispositivos el\u00e9ctricos en un solo lugar. Est\u00e1 fabricado en PVC resistente y es f\u00e1cil de instalar en la pared mediante tornillos y soportes. Este tablero empotrado es ideal para su uso en hogares, oficinas y lugares comerciales.<\/p>\n","protected":false},"excerpt":{"rendered":"<p>Es un dispositivo el\u00e9ctrico dise\u00f1ado para alojar componentes el\u00e9ctricos en su interior, brindando protecci\u00f3n y organizaci\u00f3n a la instalaci\u00f3n el\u00e9ctrica. Este tablero cuenta con 24 polos, lo que permite la conexi\u00f3n de m\u00faltiples dispositivos el\u00e9ctricos en un solo lugar. Est\u00e1 fabricado en PVC resistente y es f\u00e1cil de instalar en la pared mediante tornillos y soportes. Este tablero empotrado es [&hellip;]<\/p>\n","protected":false},"featured_media":895,"comment_status":"open","ping_status":"closed","template":"","meta":{"_joinchat":[]},"product_brand":[],"product_cat":[16],"product_tag":[],"class_list":{"0":"post-896","1":"product","2":"type-product","3":"status-publish","4":"has-post-thumbnail","6":"product_cat-electricidad","8":"first","9":"instock","10":"shipping-taxable","11":"purchasable","12":"product-type-simple"},"ams_default_variation_id":0,"ams_product_points_reward":[],"ams_product_discount_percentage":0,"ams_price_to_display":19000,"ams_acf":[],"jetpack_sharing_enabled":true,"_links":{"self":[{"href":"https:\/\/solucionsolar.cl\/solar\/wp-json\/wp\/v2\/product\/896","targetHints":{"allow":["GET"]}}],"collection":[{"href":"https:\/\/solucionsolar.cl\/solar\/wp-json\/wp\/v2\/product"}],"about":[{"href":"https:\/\/solucionsolar.cl\/solar\/wp-json\/wp\/v2\/types\/product"}],"replies":[{"embeddable":true,"href":"https:\/\/solucionsolar.cl\/solar\/wp-json\/wp\/v2\/comments?post=896"}],"wp:featuredmedia":[{"embeddable":true,"href":"https:\/\/solucionsolar.cl\/solar\/wp-json\/wp\/v2\/media\/895"}],"wp:attachment":[{"href":"https:\/\/solucionsolar.cl\/solar\/wp-json\/wp\/v2\/media?parent=896"}],"wp:term":[{"taxonomy":"product_brand","embeddable":true,"href":"https:\/\/solucionsolar.cl\/solar\/wp-json\/wp\/v2\/product_brand?post=896"},{"taxonomy":"product_cat","embeddable":true,"href":"https:\/\/solucionsolar.cl\/solar\/wp-json\/wp\/v2\/product_cat?post=896"},{"taxonomy":"product_tag","embeddable":true,"href":"https:\/\/solucionsolar.cl\/solar\/wp-json\/wp\/v2\/product_tag?post=896"}],"curies":[{"name":"wp","href":"https:\/\/api.w.org\/{rel}","templated":true}]}}