{"id":898,"date":"2023-05-13T22:40:52","date_gmt":"2023-05-13T22:40:52","guid":{"rendered":"https:\/\/solucionsolar.cl\/solar\/producto\/placa-3-modulos-color-champagne-rosa-lexo\/"},"modified":"2023-05-13T22:40:52","modified_gmt":"2023-05-13T22:40:52","slug":"placa-3-modulos-color-champagne-rosa-lexo","status":"publish","type":"product","link":"https:\/\/solucionsolar.cl\/solar\/producto\/placa-3-modulos-color-champagne-rosa-lexo\/","title":{"rendered":"Placa 3 m\u00f3dulos color Champagne Rosa LEXO"},"content":{"rendered":"<p>Es un accesorio el\u00e9ctrico que se utiliza para cubrir y proteger la instalaci\u00f3n el\u00e9ctrica en paredes. Esta placa tiene capacidad para alojar hasta 3 m\u00f3dulos el\u00e9ctricos y su dise\u00f1o en color Champagne Rosa le da un aspecto elegante y moderno. Est\u00e1 fabricada con materiales de alta calidad y es f\u00e1cil de instalar en la pared mediante tornillos y soportes. Esta placa es ideal para su uso en hogares, oficinas y lugares comerciales donde se busque un aspecto est\u00e9tico cuidado.<\/p>\n","protected":false},"excerpt":{"rendered":"<p>Es un accesorio el\u00e9ctrico que se utiliza para cubrir y proteger la instalaci\u00f3n el\u00e9ctrica en paredes. Esta placa tiene capacidad para alojar hasta 3 m\u00f3dulos el\u00e9ctricos y su dise\u00f1o en color Champagne Rosa le da un aspecto elegante y moderno. Est\u00e1 fabricada con materiales de alta calidad y es f\u00e1cil de instalar en la pared mediante tornillos y soportes. Esta [&hellip;]<\/p>\n","protected":false},"featured_media":897,"comment_status":"open","ping_status":"closed","template":"","meta":{"_joinchat":[]},"product_brand":[],"product_cat":[16],"product_tag":[],"class_list":{"0":"post-898","1":"product","2":"type-product","3":"status-publish","4":"has-post-thumbnail","6":"product_cat-electricidad","8":"first","9":"instock","10":"shipping-taxable","11":"purchasable","12":"product-type-simple"},"ams_default_variation_id":0,"ams_product_points_reward":[],"ams_product_discount_percentage":0,"ams_price_to_display":800,"ams_acf":[],"jetpack_sharing_enabled":true,"_links":{"self":[{"href":"https:\/\/solucionsolar.cl\/solar\/wp-json\/wp\/v2\/product\/898","targetHints":{"allow":["GET"]}}],"collection":[{"href":"https:\/\/solucionsolar.cl\/solar\/wp-json\/wp\/v2\/product"}],"about":[{"href":"https:\/\/solucionsolar.cl\/solar\/wp-json\/wp\/v2\/types\/product"}],"replies":[{"embeddable":true,"href":"https:\/\/solucionsolar.cl\/solar\/wp-json\/wp\/v2\/comments?post=898"}],"wp:featuredmedia":[{"embeddable":true,"href":"https:\/\/solucionsolar.cl\/solar\/wp-json\/wp\/v2\/media\/897"}],"wp:attachment":[{"href":"https:\/\/solucionsolar.cl\/solar\/wp-json\/wp\/v2\/media?parent=898"}],"wp:term":[{"taxonomy":"product_brand","embeddable":true,"href":"https:\/\/solucionsolar.cl\/solar\/wp-json\/wp\/v2\/product_brand?post=898"},{"taxonomy":"product_cat","embeddable":true,"href":"https:\/\/solucionsolar.cl\/solar\/wp-json\/wp\/v2\/product_cat?post=898"},{"taxonomy":"product_tag","embeddable":true,"href":"https:\/\/solucionsolar.cl\/solar\/wp-json\/wp\/v2\/product_tag?post=898"}],"curies":[{"name":"wp","href":"https:\/\/api.w.org\/{rel}","templated":true}]}}