{"id":906,"date":"2023-05-13T22:40:59","date_gmt":"2023-05-13T22:40:59","guid":{"rendered":"https:\/\/solucionsolar.cl\/solar\/producto\/cable-h05vv-f-2x1mm-negro-1mt\/"},"modified":"2023-05-13T22:40:59","modified_gmt":"2023-05-13T22:40:59","slug":"cable-h05vv-f-2x1mm-negro-1mt","status":"publish","type":"product","link":"https:\/\/solucionsolar.cl\/solar\/producto\/cable-h05vv-f-2x1mm-negro-1mt\/","title":{"rendered":"Cable H05VV-F 2x1mm negro 1mt"},"content":{"rendered":"<p>Es un cable el\u00e9ctrico flexible con dos conductores de cobre esta\u00f1ado con secci\u00f3n transversal de 1mm\u00b2 cada uno. Est\u00e1 dise\u00f1ado para ser utilizado en instalaciones el\u00e9ctricas de baja tensi\u00f3n y se utiliza com\u00fanmente en equipos de iluminaci\u00f3n, electrodom\u00e9sticos y herramientas el\u00e9ctricas. El revestimiento exterior del cable est\u00e1 hecho de PVC negro, lo que le proporciona una buena resistencia a la abrasi\u00f3n y a los productos qu\u00edmicos. Este cable tiene una longitud de 1 metro y cumple con las normativas europeas para cables el\u00e9ctricos.<\/p>\n","protected":false},"excerpt":{"rendered":"<p>Es un cable el\u00e9ctrico flexible con dos conductores de cobre esta\u00f1ado con secci\u00f3n transversal de 1mm\u00b2 cada uno. Est\u00e1 dise\u00f1ado para ser utilizado en instalaciones el\u00e9ctricas de baja tensi\u00f3n y se utiliza com\u00fanmente en equipos de iluminaci\u00f3n, electrodom\u00e9sticos y herramientas el\u00e9ctricas. El revestimiento exterior del cable est\u00e1 hecho de PVC negro, lo que le proporciona una buena resistencia a la [&hellip;]<\/p>\n","protected":false},"featured_media":905,"comment_status":"open","ping_status":"closed","template":"","meta":{"_joinchat":[]},"product_brand":[],"product_cat":[18,16],"product_tag":[],"class_list":{"0":"post-906","1":"product","2":"type-product","3":"status-publish","4":"has-post-thumbnail","6":"product_cat-cables","7":"product_cat-electricidad","9":"first","10":"instock","11":"shipping-taxable","12":"purchasable","13":"product-type-simple"},"ams_default_variation_id":0,"ams_product_points_reward":[],"ams_product_discount_percentage":0,"ams_price_to_display":600,"ams_acf":[],"jetpack_sharing_enabled":true,"_links":{"self":[{"href":"https:\/\/solucionsolar.cl\/solar\/wp-json\/wp\/v2\/product\/906","targetHints":{"allow":["GET"]}}],"collection":[{"href":"https:\/\/solucionsolar.cl\/solar\/wp-json\/wp\/v2\/product"}],"about":[{"href":"https:\/\/solucionsolar.cl\/solar\/wp-json\/wp\/v2\/types\/product"}],"replies":[{"embeddable":true,"href":"https:\/\/solucionsolar.cl\/solar\/wp-json\/wp\/v2\/comments?post=906"}],"wp:featuredmedia":[{"embeddable":true,"href":"https:\/\/solucionsolar.cl\/solar\/wp-json\/wp\/v2\/media\/905"}],"wp:attachment":[{"href":"https:\/\/solucionsolar.cl\/solar\/wp-json\/wp\/v2\/media?parent=906"}],"wp:term":[{"taxonomy":"product_brand","embeddable":true,"href":"https:\/\/solucionsolar.cl\/solar\/wp-json\/wp\/v2\/product_brand?post=906"},{"taxonomy":"product_cat","embeddable":true,"href":"https:\/\/solucionsolar.cl\/solar\/wp-json\/wp\/v2\/product_cat?post=906"},{"taxonomy":"product_tag","embeddable":true,"href":"https:\/\/solucionsolar.cl\/solar\/wp-json\/wp\/v2\/product_tag?post=906"}],"curies":[{"name":"wp","href":"https:\/\/api.w.org\/{rel}","templated":true}]}}