{"id":910,"date":"2023-05-13T22:41:04","date_gmt":"2023-05-13T22:41:04","guid":{"rendered":"https:\/\/solucionsolar.cl\/solar\/producto\/cable-thhn-8awg-colores-1-mt\/"},"modified":"2023-05-13T22:41:04","modified_gmt":"2023-05-13T22:41:04","slug":"cable-thhn-8awg-colores-1-mt","status":"publish","type":"product","link":"https:\/\/solucionsolar.cl\/solar\/producto\/cable-thhn-8awg-colores-1-mt\/","title":{"rendered":"Cable THHN 8AWG Colores (1 mt)"},"content":{"rendered":"<p>Es un tipo de cable el\u00e9ctrico que se utiliza principalmente para la distribuci\u00f3n de energ\u00eda en instalaciones el\u00e9ctricas. Este cable cuenta con un calibre 8 AWG, lo que significa que tiene una secci\u00f3n transversal de 8 American Wire Gauge. Adem\u00e1s, se encuentra disponible en diferentes colores, lo que facilita su identificaci\u00f3n y uso en diferentes aplicaciones el\u00e9ctricas.<\/p>\n","protected":false},"excerpt":{"rendered":"<p>Es un tipo de cable el\u00e9ctrico que se utiliza principalmente para la distribuci\u00f3n de energ\u00eda en instalaciones el\u00e9ctricas. Este cable cuenta con un calibre 8 AWG, lo que significa que tiene una secci\u00f3n transversal de 8 American Wire Gauge. Adem\u00e1s, se encuentra disponible en diferentes colores, lo que facilita su identificaci\u00f3n y uso en diferentes aplicaciones el\u00e9ctricas.<\/p>\n","protected":false},"featured_media":909,"comment_status":"open","ping_status":"closed","template":"","meta":{"_joinchat":[]},"product_brand":[],"product_cat":[18,16],"product_tag":[],"class_list":{"0":"post-910","1":"product","2":"type-product","3":"status-publish","4":"has-post-thumbnail","6":"product_cat-cables","7":"product_cat-electricidad","9":"first","10":"instock","11":"shipping-taxable","12":"purchasable","13":"product-type-simple"},"ams_default_variation_id":0,"ams_product_points_reward":[],"ams_product_discount_percentage":0,"ams_price_to_display":1400,"ams_acf":[],"jetpack_sharing_enabled":true,"_links":{"self":[{"href":"https:\/\/solucionsolar.cl\/solar\/wp-json\/wp\/v2\/product\/910","targetHints":{"allow":["GET"]}}],"collection":[{"href":"https:\/\/solucionsolar.cl\/solar\/wp-json\/wp\/v2\/product"}],"about":[{"href":"https:\/\/solucionsolar.cl\/solar\/wp-json\/wp\/v2\/types\/product"}],"replies":[{"embeddable":true,"href":"https:\/\/solucionsolar.cl\/solar\/wp-json\/wp\/v2\/comments?post=910"}],"wp:featuredmedia":[{"embeddable":true,"href":"https:\/\/solucionsolar.cl\/solar\/wp-json\/wp\/v2\/media\/909"}],"wp:attachment":[{"href":"https:\/\/solucionsolar.cl\/solar\/wp-json\/wp\/v2\/media?parent=910"}],"wp:term":[{"taxonomy":"product_brand","embeddable":true,"href":"https:\/\/solucionsolar.cl\/solar\/wp-json\/wp\/v2\/product_brand?post=910"},{"taxonomy":"product_cat","embeddable":true,"href":"https:\/\/solucionsolar.cl\/solar\/wp-json\/wp\/v2\/product_cat?post=910"},{"taxonomy":"product_tag","embeddable":true,"href":"https:\/\/solucionsolar.cl\/solar\/wp-json\/wp\/v2\/product_tag?post=910"}],"curies":[{"name":"wp","href":"https:\/\/api.w.org\/{rel}","templated":true}]}}