{"id":92,"date":"2023-05-13T22:21:21","date_gmt":"2023-05-13T22:21:21","guid":{"rendered":"https:\/\/solucionsolar.cl\/solar\/producto\/abrazadera-caddy-32mm-1\/"},"modified":"2023-05-13T22:21:21","modified_gmt":"2023-05-13T22:21:21","slug":"abrazadera-caddy-32mm-1","status":"publish","type":"product","link":"https:\/\/solucionsolar.cl\/solar\/producto\/abrazadera-caddy-32mm-1\/","title":{"rendered":"Abrazadera caddy 32mm (1&#8243;)"},"content":{"rendered":"<p>Es un tipo de dispositivo de sujeci\u00f3n utilizado para asegurar tuber\u00edas y otros elementos similares en su lugar. Est\u00e1 dise\u00f1ada con una banda de acero y un clip de bloqueo que se ajusta alrededor de la tuber\u00eda y se fija en su lugar mediante un tornillo o perno.<\/p>\n<p>La abrazadera Caddy de 32mm (1&#8243;) est\u00e1 dise\u00f1ada para adaptarse a tuber\u00edas con un di\u00e1metro exterior de 32mm (1&#8243;), lo que la hace adecuada para su uso en aplicaciones de fontaner\u00eda, calefacci\u00f3n, ventilaci\u00f3n y aire acondicionado (HVAC) y otras aplicaciones similares.<\/p>\n","protected":false},"excerpt":{"rendered":"<p>Es un tipo de dispositivo de sujeci\u00f3n utilizado para asegurar tuber\u00edas y otros elementos similares en su lugar. Est\u00e1 dise\u00f1ada con una banda de acero y un clip de bloqueo que se ajusta alrededor de la tuber\u00eda y se fija en su lugar mediante un tornillo o perno. La abrazadera Caddy de 32mm (1&#8243;) est\u00e1 dise\u00f1ada para adaptarse a tuber\u00edas [&hellip;]<\/p>\n","protected":false},"featured_media":91,"comment_status":"open","ping_status":"closed","template":"","meta":{"_joinchat":[]},"product_brand":[],"product_cat":[19,16],"product_tag":[],"class_list":{"0":"post-92","1":"product","2":"type-product","3":"status-publish","4":"has-post-thumbnail","6":"product_cat-abrazaderas","7":"product_cat-electricidad","9":"first","10":"instock","11":"shipping-taxable","12":"purchasable","13":"product-type-simple"},"ams_default_variation_id":0,"ams_product_points_reward":[],"ams_product_discount_percentage":0,"ams_price_to_display":320,"ams_acf":[],"jetpack_sharing_enabled":true,"_links":{"self":[{"href":"https:\/\/solucionsolar.cl\/solar\/wp-json\/wp\/v2\/product\/92","targetHints":{"allow":["GET"]}}],"collection":[{"href":"https:\/\/solucionsolar.cl\/solar\/wp-json\/wp\/v2\/product"}],"about":[{"href":"https:\/\/solucionsolar.cl\/solar\/wp-json\/wp\/v2\/types\/product"}],"replies":[{"embeddable":true,"href":"https:\/\/solucionsolar.cl\/solar\/wp-json\/wp\/v2\/comments?post=92"}],"wp:featuredmedia":[{"embeddable":true,"href":"https:\/\/solucionsolar.cl\/solar\/wp-json\/wp\/v2\/media\/91"}],"wp:attachment":[{"href":"https:\/\/solucionsolar.cl\/solar\/wp-json\/wp\/v2\/media?parent=92"}],"wp:term":[{"taxonomy":"product_brand","embeddable":true,"href":"https:\/\/solucionsolar.cl\/solar\/wp-json\/wp\/v2\/product_brand?post=92"},{"taxonomy":"product_cat","embeddable":true,"href":"https:\/\/solucionsolar.cl\/solar\/wp-json\/wp\/v2\/product_cat?post=92"},{"taxonomy":"product_tag","embeddable":true,"href":"https:\/\/solucionsolar.cl\/solar\/wp-json\/wp\/v2\/product_tag?post=92"}],"curies":[{"name":"wp","href":"https:\/\/api.w.org\/{rel}","templated":true}]}}