{"id":920,"date":"2023-05-13T22:41:52","date_gmt":"2023-05-13T22:41:52","guid":{"rendered":"https:\/\/solucionsolar.cl\/solar\/producto\/tablero-empotrado-pvc-4-polos-drl\/"},"modified":"2023-05-13T22:41:52","modified_gmt":"2023-05-13T22:41:52","slug":"tablero-empotrado-pvc-4-polos-drl","status":"publish","type":"product","link":"https:\/\/solucionsolar.cl\/solar\/producto\/tablero-empotrado-pvc-4-polos-drl\/","title":{"rendered":"Tablero empotrado pvc 4 polos DRL"},"content":{"rendered":"<p>Es un dispositivo de protecci\u00f3n el\u00e9ctrica que se instala en la pared y permite alojar los interruptores y dispositivos necesarios para controlar y distribuir la energ\u00eda el\u00e9ctrica en una instalaci\u00f3n. Este tipo de tablero es ideal para su uso en espacios reducidos o donde se requiere una instalaci\u00f3n limpia y ordenada. El tablero cuenta con una cubierta de PVC resistente y se suministra con un juego de 4 interruptores autom\u00e1ticos de 10A cada uno.<\/p>\n","protected":false},"excerpt":{"rendered":"<p>Es un dispositivo de protecci\u00f3n el\u00e9ctrica que se instala en la pared y permite alojar los interruptores y dispositivos necesarios para controlar y distribuir la energ\u00eda el\u00e9ctrica en una instalaci\u00f3n. Este tipo de tablero es ideal para su uso en espacios reducidos o donde se requiere una instalaci\u00f3n limpia y ordenada. El tablero cuenta con una cubierta de PVC resistente [&hellip;]<\/p>\n","protected":false},"featured_media":919,"comment_status":"open","ping_status":"closed","template":"","meta":{"_joinchat":[]},"product_brand":[],"product_cat":[16],"product_tag":[],"class_list":{"0":"post-920","1":"product","2":"type-product","3":"status-publish","4":"has-post-thumbnail","6":"product_cat-electricidad","8":"first","9":"instock","10":"shipping-taxable","11":"purchasable","12":"product-type-simple"},"ams_default_variation_id":0,"ams_product_points_reward":[],"ams_product_discount_percentage":0,"ams_price_to_display":4500,"ams_acf":[],"jetpack_sharing_enabled":true,"_links":{"self":[{"href":"https:\/\/solucionsolar.cl\/solar\/wp-json\/wp\/v2\/product\/920","targetHints":{"allow":["GET"]}}],"collection":[{"href":"https:\/\/solucionsolar.cl\/solar\/wp-json\/wp\/v2\/product"}],"about":[{"href":"https:\/\/solucionsolar.cl\/solar\/wp-json\/wp\/v2\/types\/product"}],"replies":[{"embeddable":true,"href":"https:\/\/solucionsolar.cl\/solar\/wp-json\/wp\/v2\/comments?post=920"}],"wp:featuredmedia":[{"embeddable":true,"href":"https:\/\/solucionsolar.cl\/solar\/wp-json\/wp\/v2\/media\/919"}],"wp:attachment":[{"href":"https:\/\/solucionsolar.cl\/solar\/wp-json\/wp\/v2\/media?parent=920"}],"wp:term":[{"taxonomy":"product_brand","embeddable":true,"href":"https:\/\/solucionsolar.cl\/solar\/wp-json\/wp\/v2\/product_brand?post=920"},{"taxonomy":"product_cat","embeddable":true,"href":"https:\/\/solucionsolar.cl\/solar\/wp-json\/wp\/v2\/product_cat?post=920"},{"taxonomy":"product_tag","embeddable":true,"href":"https:\/\/solucionsolar.cl\/solar\/wp-json\/wp\/v2\/product_tag?post=920"}],"curies":[{"name":"wp","href":"https:\/\/api.w.org\/{rel}","templated":true}]}}