{"id":922,"date":"2023-05-13T22:41:52","date_gmt":"2023-05-13T22:41:52","guid":{"rendered":"https:\/\/solucionsolar.cl\/solar\/producto\/cable-h05vv-f-2x1mm-negro-100-mt\/"},"modified":"2023-05-13T22:41:52","modified_gmt":"2023-05-13T22:41:52","slug":"cable-h05vv-f-2x1mm-negro-100-mt","status":"publish","type":"product","link":"https:\/\/solucionsolar.cl\/solar\/producto\/cable-h05vv-f-2x1mm-negro-100-mt\/","title":{"rendered":"Cable H05VV-F 2x1mm Negro 100 mt"},"content":{"rendered":"<p>Es un tipo de cable el\u00e9ctrico flexible y de bajo voltaje que se utiliza en una variedad de aplicaciones. Est\u00e1 dise\u00f1ado para soportar una corriente m\u00e1xima de 10 amperios y una tensi\u00f3n m\u00e1xima de 300 voltios. El cable cuenta con dos conductores aislados en PVC y est\u00e1 recubierto con una cubierta exterior de PVC negro que lo protege contra la humedad y la abrasi\u00f3n. Con una longitud de 100 metros, este cable es ideal para proyectos el\u00e9ctricos de gran envergadura que requieren una gran cantidad de cableado.<\/p>\n","protected":false},"excerpt":{"rendered":"<p>Es un tipo de cable el\u00e9ctrico flexible y de bajo voltaje que se utiliza en una variedad de aplicaciones. Est\u00e1 dise\u00f1ado para soportar una corriente m\u00e1xima de 10 amperios y una tensi\u00f3n m\u00e1xima de 300 voltios. El cable cuenta con dos conductores aislados en PVC y est\u00e1 recubierto con una cubierta exterior de PVC negro que lo protege contra la [&hellip;]<\/p>\n","protected":false},"featured_media":921,"comment_status":"open","ping_status":"closed","template":"","meta":{"_joinchat":[]},"product_brand":[],"product_cat":[18,16],"product_tag":[],"class_list":{"0":"post-922","1":"product","2":"type-product","3":"status-publish","4":"has-post-thumbnail","6":"product_cat-cables","7":"product_cat-electricidad","9":"first","10":"instock","11":"shipping-taxable","12":"purchasable","13":"product-type-simple"},"ams_default_variation_id":0,"ams_product_points_reward":[],"ams_product_discount_percentage":0,"ams_price_to_display":50000,"ams_acf":[],"jetpack_sharing_enabled":true,"_links":{"self":[{"href":"https:\/\/solucionsolar.cl\/solar\/wp-json\/wp\/v2\/product\/922","targetHints":{"allow":["GET"]}}],"collection":[{"href":"https:\/\/solucionsolar.cl\/solar\/wp-json\/wp\/v2\/product"}],"about":[{"href":"https:\/\/solucionsolar.cl\/solar\/wp-json\/wp\/v2\/types\/product"}],"replies":[{"embeddable":true,"href":"https:\/\/solucionsolar.cl\/solar\/wp-json\/wp\/v2\/comments?post=922"}],"wp:featuredmedia":[{"embeddable":true,"href":"https:\/\/solucionsolar.cl\/solar\/wp-json\/wp\/v2\/media\/921"}],"wp:attachment":[{"href":"https:\/\/solucionsolar.cl\/solar\/wp-json\/wp\/v2\/media?parent=922"}],"wp:term":[{"taxonomy":"product_brand","embeddable":true,"href":"https:\/\/solucionsolar.cl\/solar\/wp-json\/wp\/v2\/product_brand?post=922"},{"taxonomy":"product_cat","embeddable":true,"href":"https:\/\/solucionsolar.cl\/solar\/wp-json\/wp\/v2\/product_cat?post=922"},{"taxonomy":"product_tag","embeddable":true,"href":"https:\/\/solucionsolar.cl\/solar\/wp-json\/wp\/v2\/product_tag?post=922"}],"curies":[{"name":"wp","href":"https:\/\/api.w.org\/{rel}","templated":true}]}}